{"id":1643,"date":"2024-04-29T13:50:10","date_gmt":"2024-04-29T19:50:10","guid":{"rendered":"https:\/\/ajmr.com.mx\/?page_id=1643"},"modified":"2024-12-15T10:31:49","modified_gmt":"2024-12-15T16:31:49","slug":"que-es-un-tercer-acreditado","status":"publish","type":"page","link":"https:\/\/ajmr.com.mx\/?page_id=1643","title":{"rendered":"Terceros Acreditados"},"content":{"rendered":"\n<p class=\"has-large-font-size\">\u00bfQu\u00e9 es un Tercer Acreditado?<\/p>\n\n\n\n<p class=\"has-medium-font-size\" style=\"line-height:1.4\">Un tercer acreditado es toda aquella persona f\u00edsica o moral que de manera profesional brinda servicios de consultor\u00eda, asesor\u00eda y capacitaci\u00f3n en materia de protecci\u00f3n civil.  El art\u00edculo 11 de la Ley General de Protecci\u00f3n Civil (L.G.P.C.) establece que para el ejercicio como un Tercer Acreditado, estos deber\u00e1n contar con el registro expedido por la autoridad competente de protecci\u00f3n civil, de acuerdo con los lineamientos establecidos en el Reglamento de la misma. Debido a su formaci\u00f3n y experiencia, un tercer acreditado tiene la capacidad de:<\/p>\n\n\n\n<ul class=\"wp-block-list\">\n<li class=\"has-medium-font-size\">Realizar an\u00e1lisis de riesgos-vulnerabilidad<\/li>\n\n\n\n<li class=\"has-medium-font-size\">Elaboraci\u00f3n de planes de contingencia y emergencia<\/li>\n\n\n\n<li class=\"has-medium-font-size\">Formulaci\u00f3n de programas internos de protecci\u00f3n civil y de continuidad de operaciones<\/li>\n\n\n\n<li class=\"has-medium-font-size\">Emitir carta de corresponsabilidad<\/li>\n<\/ul>\n\n\n\n<p class=\"has-large-font-size\">\u00bfQu\u00e9 es un Programa Interno de Protecci\u00f3n Civil?<\/p>\n\n\n\n<p class=\"has-medium-font-size\">La Coordinaci\u00f3n Nacional de Protecci\u00f3n Civil (CNPC) lo define como el instrumento de planeaci\u00f3n y operaci\u00f3n, circunscrito al \u00e1mbito de una dependencia, entidad, instituci\u00f3n u organismo del sector p\u00fablico, privado o social; que se compone por el plan operativo para la <em>Unidad Interna de Protecci\u00f3n Civil<\/em>, el plan para la continuidad de operaciones y el plan de contingencias, que tiene como prop\u00f3sito mitigar los riesgos previamente identificados, as\u00ed como definir acciones preventivas y de respuesta para estar en condiciones de atender la eventualidad de alguna emergencia o desastre.<\/p>\n\n\n\n<p class=\"has-large-font-size\">\u00bfQui\u00e9n est\u00e1 obligado a presentar un Programa Interno de Protecci\u00f3n Civil?<\/p>\n\n\n\n<p class=\"has-medium-font-size\">El art\u00edculo 40 de la L.G.P.C. establece  que todos los inmuebles e instalaciones fijas y m\u00f3viles de las dependencias, entidades, instituciones, organismos, industrias o empresas pertenecientes a los sectores p\u00fablico, privado y social, que puedan resultar afectadas por siniestros, emergencias o desastres y los referidos en el Reglamento, deber\u00e1n contar con un Programa Interno de Protecci\u00f3n Civil.<\/p>\n\n\n\n<p class=\"has-large-font-size\">\u00bfQu\u00e9 es una carta de corresponsabilidad?<\/p>\n\n\n\n<p class=\"has-medium-font-size\">La Coordinaci\u00f3n Nacional de Protecci\u00f3n Civil (CNPC) la define como todo aquel documento expedido por el corresponsable institucional y responsable del inmueble, que avala el cumplimiento del contenido y especificaciones de los Programas Internos de Protecci\u00f3n Civil, de conformidad con la legislaci\u00f3n aplicable.<\/p>\n\n\n\n<p class=\"has-medium-font-size\">\u00bfListo para fortalecer la protecci\u00f3n civil en tu empresa? <a href=\"https:\/\/ajmr.com.mx\/?page_id=90\" data-type=\"page\" data-id=\"90\">Cont\u00e1ctenos<\/a> hoy mismo para m\u00e1s informaci\u00f3n sobre nuestros servicios de asesor\u00eda y gestor\u00eda, y c\u00f3mo podemos ayudarle.<\/p>\n\n\n\n<div class=\"wp-block-group\"><div class=\"wp-block-group__inner-container is-layout-constrained wp-block-group-is-layout-constrained\">\n<div class=\"wp-block-group\"><div class=\"wp-block-group__inner-container is-layout-constrained wp-block-group-is-layout-constrained\">\n<figure class=\"wp-block-image size-large\"><img loading=\"lazy\" decoding=\"async\" width=\"1024\" height=\"300\" src=\"https:\/\/ajmr.com.mx\/wp-content\/uploads\/2023\/01\/AJMR-letras-blanco-1024x300.png\" alt=\"\" class=\"wp-image-225\" srcset=\"https:\/\/ajmr.com.mx\/wp-content\/uploads\/2023\/01\/AJMR-letras-blanco-1024x300.png 1024w, https:\/\/ajmr.com.mx\/wp-content\/uploads\/2023\/01\/AJMR-letras-blanco-300x88.png 300w, https:\/\/ajmr.com.mx\/wp-content\/uploads\/2023\/01\/AJMR-letras-blanco-768x225.png 768w, https:\/\/ajmr.com.mx\/wp-content\/uploads\/2023\/01\/AJMR-letras-blanco.png 1078w\" sizes=\"auto, (max-width: 706px) 89vw, (max-width: 767px) 82vw, 740px\" \/><\/figure>\n<\/div><\/div>\n\n\n\n<figure class=\"wp-block-image size-large\"><img loading=\"lazy\" decoding=\"async\" width=\"1024\" height=\"169\" src=\"https:\/\/ajmr.com.mx\/wp-content\/uploads\/2023\/01\/AJMR-letras-blanco4-1024x169.png\" alt=\"\" class=\"wp-image-238\" srcset=\"https:\/\/ajmr.com.mx\/wp-content\/uploads\/2023\/01\/AJMR-letras-blanco4-1024x169.png 1024w, https:\/\/ajmr.com.mx\/wp-content\/uploads\/2023\/01\/AJMR-letras-blanco4-300x50.png 300w, https:\/\/ajmr.com.mx\/wp-content\/uploads\/2023\/01\/AJMR-letras-blanco4-768x127.png 768w, https:\/\/ajmr.com.mx\/wp-content\/uploads\/2023\/01\/AJMR-letras-blanco4.png 1120w\" sizes=\"auto, (max-width: 706px) 89vw, (max-width: 767px) 82vw, 740px\" \/><\/figure>\n<\/div><\/div>\n","protected":false},"excerpt":{"rendered":"<p>\u00bfQu\u00e9 es un Tercer Acreditado? Un tercer acreditado es toda aquella persona f\u00edsica o moral que de manera profesional brinda servicios de consultor\u00eda, asesor\u00eda y capacitaci\u00f3n en materia de protecci\u00f3n civil. El art\u00edculo 11 de la Ley General de Protecci\u00f3n Civil (L.G.P.C.) establece que para el ejercicio como un Tercer Acreditado, estos deber\u00e1n contar con &hellip; <\/p>\n<p class=\"link-more\"><a href=\"https:\/\/ajmr.com.mx\/?page_id=1643\" class=\"more-link\">Continuar leyendo<span class=\"screen-reader-text\"> &#8220;Terceros Acreditados&#8221;<\/span><\/a><\/p>\n","protected":false},"author":1,"featured_media":1651,"parent":0,"menu_order":0,"comment_status":"closed","ping_status":"closed","template":"","meta":{"_uag_custom_page_level_css":"","footnotes":""},"class_list":["post-1643","page","type-page","status-publish","has-post-thumbnail","hentry"],"uagb_featured_image_src":{"full":["https:\/\/ajmr.com.mx\/wp-content\/uploads\/2024\/04\/Analisis-scaled.jpg",2560,1815,false],"thumbnail":["https:\/\/ajmr.com.mx\/wp-content\/uploads\/2024\/04\/Analisis-150x150.jpg",150,150,true],"medium":["https:\/\/ajmr.com.mx\/wp-content\/uploads\/2024\/04\/Analisis-300x213.jpg",300,213,true],"medium_large":["https:\/\/ajmr.com.mx\/wp-content\/uploads\/2024\/04\/Analisis-768x544.jpg",525,372,true],"large":["https:\/\/ajmr.com.mx\/wp-content\/uploads\/2024\/04\/Analisis-1024x726.jpg",525,372,true],"1536x1536":["https:\/\/ajmr.com.mx\/wp-content\/uploads\/2024\/04\/Analisis-1536x1089.jpg",1536,1089,true],"2048x2048":["https:\/\/ajmr.com.mx\/wp-content\/uploads\/2024\/04\/Analisis-2048x1452.jpg",2048,1452,true],"twentyseventeen-featured-image":["https:\/\/ajmr.com.mx\/wp-content\/uploads\/2024\/04\/Analisis-2000x1200.jpg",2000,1200,true],"twentyseventeen-thumbnail-avatar":["https:\/\/ajmr.com.mx\/wp-content\/uploads\/2024\/04\/Analisis-100x100.jpg",100,100,true]},"uagb_author_info":{"display_name":"ajmrco5_wp","author_link":"https:\/\/ajmr.com.mx\/?author=1"},"uagb_comment_info":0,"uagb_excerpt":"\u00bfQu\u00e9 es un Tercer Acreditado? Un tercer acreditado es toda aquella persona f\u00edsica o moral que de manera profesional brinda servicios de consultor\u00eda, asesor\u00eda y capacitaci\u00f3n en materia de protecci\u00f3n civil. El art\u00edculo 11 de la Ley General de Protecci\u00f3n Civil (L.G.P.C.) establece que para el ejercicio como un Tercer Acreditado, estos deber\u00e1n contar con&hellip;","_links":{"self":[{"href":"https:\/\/ajmr.com.mx\/index.php?rest_route=\/wp\/v2\/pages\/1643","targetHints":{"allow":["GET"]}}],"collection":[{"href":"https:\/\/ajmr.com.mx\/index.php?rest_route=\/wp\/v2\/pages"}],"about":[{"href":"https:\/\/ajmr.com.mx\/index.php?rest_route=\/wp\/v2\/types\/page"}],"author":[{"embeddable":true,"href":"https:\/\/ajmr.com.mx\/index.php?rest_route=\/wp\/v2\/users\/1"}],"replies":[{"embeddable":true,"href":"https:\/\/ajmr.com.mx\/index.php?rest_route=%2Fwp%2Fv2%2Fcomments&post=1643"}],"version-history":[{"count":32,"href":"https:\/\/ajmr.com.mx\/index.php?rest_route=\/wp\/v2\/pages\/1643\/revisions"}],"predecessor-version":[{"id":2684,"href":"https:\/\/ajmr.com.mx\/index.php?rest_route=\/wp\/v2\/pages\/1643\/revisions\/2684"}],"wp:featuredmedia":[{"embeddable":true,"href":"https:\/\/ajmr.com.mx\/index.php?rest_route=\/wp\/v2\/media\/1651"}],"wp:attachment":[{"href":"https:\/\/ajmr.com.mx\/index.php?rest_route=%2Fwp%2Fv2%2Fmedia&parent=1643"}],"curies":[{"name":"wp","href":"https:\/\/api.w.org\/{rel}","templated":true}]}}