{"id":190,"date":"2023-01-27T16:07:07","date_gmt":"2023-01-27T22:07:07","guid":{"rendered":"http:\/\/ajmr.com.mx\/?page_id=190"},"modified":"2024-12-15T10:28:49","modified_gmt":"2024-12-15T16:28:49","slug":"aviso-y-politica-de-privacidad","status":"publish","type":"page","link":"https:\/\/ajmr.com.mx\/?page_id=190","title":{"rendered":"Aviso y Pol\u00edtica de Privacidad"},"content":{"rendered":"\n<p class=\"has-medium-font-size\"><strong>AJMR Consultor\u00eda, Asesor\u00eda y Capacitaci\u00f3n<\/strong>, a quien en lo sucesivo se le denominar\u00e1 &#8220;AJMR Consultores&#8221; respeta su derecho de privacidad. Esta pol\u00edtica resume qu\u00e9 informaci\u00f3n personal podemos recoger, de qu\u00e9 manera podemos utilizar esta informaci\u00f3n y otros temas importantes relacionados con su privacidad y protecci\u00f3n de datos.<br><br>Es pol\u00edtica de AJMR Consultores cumplir con todas las leyes de privacidad y de protecci\u00f3n de datos vigentes. Este compromiso refleja el valor que le damos al hecho de obtener y conservar la confianza de nuestros clientes y todas aquellas personas que comparten su informaci\u00f3n personal con nosotros.<br><br>Esta Pol\u00edtica se aplica a toda la informaci\u00f3n personal que AJMR Consultores pueda recoger de cualquier otro modo: (i) a trav\u00e9s de nuestros productos y servicios; (ii) cuando interact\u00faa con nosotros por medios distintos de un sitio de internet, por ejemplo, de manera presencial, por tel\u00e9fono o cualquier otro medio de contacto; y (iii) a trav\u00e9s de nuestros clientes, proveedores, distribuidores y otros socios comerciales.<\/p>\n\n\n\n<p class=\"has-medium-font-size\">Informaci\u00f3n personal recogida por AJMR Consultores<\/p>\n\n\n\n<p>AJMR Consultores recoge los siguientes datos personales:<br>* Informaci\u00f3n personal que usted nos proporciona, como por ejemplo: (i) informaci\u00f3n de contacto como su nombre, nombre de empresa, nombre del representante(s) legal(es), direcci\u00f3n de correo electr\u00f3nico y tel\u00e9fono de contacto; (ii) informaci\u00f3n como comentarios, preguntas, solicitudes, requisiciones y necesidades; (iii) informaci\u00f3n personal de quien o quienes laboran en la empresa; e (iv) informaci\u00f3n de inicio de sesi\u00f3n y consulta, incluyendo, si procede, informaci\u00f3n de redes sociales.<\/p>\n\n\n\n<p class=\"has-medium-font-size\">C\u00f3mo utiliza AJMR Consultores su informaci\u00f3n personal<\/p>\n\n\n\n<p><strong>Comunicarse con usted o su empresa<\/strong>.  Esto puede incluir: (i) informarle de servicios, productos y actividades que puedan interesarle a usted o a su empresa; (ii) responder a preguntas o consultas que nos plantee; e (iii) invitarle a participar en actividades que pudiera interesarle.<br><br>AJMR Consultores no revelar\u00e1 informaci\u00f3n personal que tenga suya y si podr\u00e1 compartir la misma con su permiso o si usted as\u00ed lo solicita.<\/p>\n\n\n\n<p class=\"has-medium-font-size\">Seguridad de su informaci\u00f3n personal<\/p>\n\n\n\n<p>En general, la informaci\u00f3n personal que usted nos proporcione a trav\u00e9s de esta p\u00e1gina se almacenar\u00e1 en las bases de datos de AJMR Consultores.  Adoptamos las medidas adecuadas, por contrato o de otra forma, para proporcionar protecci\u00f3n suficiente a la informaci\u00f3n personal que proporciona a terceros autorizados por usted.<br><br>Mantenemos las medidas de seguridad razonables para proteger la confidencialidad, seguridad e integridad de su informaci\u00f3n personal.  Pese a que adoptamos medidas de seguridad para ayudarnos a proteger su informaci\u00f3n personal de una divulgaci\u00f3n no autorizada, un uso incorrecto o alteraci\u00f3n, tal como sucede con todas las redes conectadas a Internet, no podemos garantizar la seguridad de la informaci\u00f3n transmitida por Internet y no asumimos ninguna responsabilidad por las vulneraciones de seguridad m\u00e1s all\u00e1 de nuestro control razonable.<\/p>\n\n\n\n<p class=\"has-medium-font-size\">Conservaci\u00f3n de su informaci\u00f3n personal<\/p>\n\n\n\n<p>El tiempo que conservamos su informaci\u00f3n personal variar\u00e1 y depender\u00e1 del objetivo y del uso de la informaci\u00f3n recogida.  Existen requisitos legales que nos obligan a conservar determinados datos durante per\u00edodos de tiempo espec\u00edficos.  De no ser as\u00ed, conservaremos dicha informaci\u00f3n durante el tiempo que sea necesario para los fines para los que se recogieron dichos datos.<\/p>\n\n\n\n<p class=\"has-medium-font-size\">Cambios en esta Pol\u00edtica y nuestra Declaraci\u00f3n de Privacidad<\/p>\n\n\n\n<p>Los cambios en esta Pol\u00edtica de Privacidad se publicar\u00e1n en esta p\u00e1gina web, junto con informaci\u00f3n sobre cualquier cambio material.  AJMR Consultores se reserva el derecho de actualizar o modificar esta Pol\u00edtica y las Declaraciones de Privacidad en cualquier momento y sin previo aviso.  Las modificaciones se aplicar\u00e1n solo a la informaci\u00f3n personal que recojamos tras la publicaci\u00f3n.<br><br>La presente Pol\u00edtica fue elaborada en enero de 2023.<\/p>\n\n\n\n<div class=\"wp-block-group\"><div class=\"wp-block-group__inner-container is-layout-constrained wp-block-group-is-layout-constrained\">\n<figure class=\"wp-block-image size-large\"><img loading=\"lazy\" decoding=\"async\" width=\"1024\" height=\"300\" src=\"https:\/\/ajmr.com.mx\/wp-content\/uploads\/2023\/01\/AJMR-letras-blanco-1024x300.png\" alt=\"\" class=\"wp-image-225\" srcset=\"https:\/\/ajmr.com.mx\/wp-content\/uploads\/2023\/01\/AJMR-letras-blanco-1024x300.png 1024w, https:\/\/ajmr.com.mx\/wp-content\/uploads\/2023\/01\/AJMR-letras-blanco-300x88.png 300w, https:\/\/ajmr.com.mx\/wp-content\/uploads\/2023\/01\/AJMR-letras-blanco-768x225.png 768w, https:\/\/ajmr.com.mx\/wp-content\/uploads\/2023\/01\/AJMR-letras-blanco.png 1078w\" sizes=\"auto, (max-width: 706px) 89vw, (max-width: 767px) 82vw, 740px\" \/><\/figure>\n\n\n\n<figure class=\"wp-block-image size-large\"><img loading=\"lazy\" decoding=\"async\" width=\"1024\" height=\"169\" src=\"https:\/\/ajmr.com.mx\/wp-content\/uploads\/2023\/01\/AJMR-letras-blanco4-1024x169.png\" alt=\"\" class=\"wp-image-238\" srcset=\"https:\/\/ajmr.com.mx\/wp-content\/uploads\/2023\/01\/AJMR-letras-blanco4-1024x169.png 1024w, https:\/\/ajmr.com.mx\/wp-content\/uploads\/2023\/01\/AJMR-letras-blanco4-300x50.png 300w, https:\/\/ajmr.com.mx\/wp-content\/uploads\/2023\/01\/AJMR-letras-blanco4-768x127.png 768w, https:\/\/ajmr.com.mx\/wp-content\/uploads\/2023\/01\/AJMR-letras-blanco4.png 1120w\" sizes=\"auto, (max-width: 706px) 89vw, (max-width: 767px) 82vw, 740px\" \/><\/figure>\n<\/div><\/div>\n\n\n\n<p class=\"has-medium-font-size\">\u00bfListo para fortalecer la protecci\u00f3n civil en tu empresa? <a href=\"https:\/\/ajmr.com.mx\/?page_id=90\" data-type=\"page\" data-id=\"90\">Cont\u00e1ctenos<\/a> hoy mismo para m\u00e1s informaci\u00f3n sobre nuestros servicios de asesor\u00eda y gestor\u00eda, y c\u00f3mo podemos ayudarle.<\/p>\n","protected":false},"excerpt":{"rendered":"<p>AJMR Consultor\u00eda, Asesor\u00eda y Capacitaci\u00f3n, a quien en lo sucesivo se le denominar\u00e1 &#8220;AJMR Consultores&#8221; respeta su derecho de privacidad. Esta pol\u00edtica resume qu\u00e9 informaci\u00f3n personal podemos recoger, de qu\u00e9 manera podemos utilizar esta informaci\u00f3n y otros temas importantes relacionados con su privacidad y protecci\u00f3n de datos. Es pol\u00edtica de AJMR Consultores cumplir con todas &hellip; <\/p>\n<p class=\"link-more\"><a href=\"https:\/\/ajmr.com.mx\/?page_id=190\" class=\"more-link\">Continuar leyendo<span class=\"screen-reader-text\"> &#8220;Aviso y Pol\u00edtica de Privacidad&#8221;<\/span><\/a><\/p>\n","protected":false},"author":1,"featured_media":0,"parent":0,"menu_order":0,"comment_status":"closed","ping_status":"closed","template":"","meta":{"_uag_custom_page_level_css":"","footnotes":""},"class_list":["post-190","page","type-page","status-publish","hentry"],"uagb_featured_image_src":{"full":false,"thumbnail":false,"medium":false,"medium_large":false,"large":false,"1536x1536":false,"2048x2048":false,"twentyseventeen-featured-image":false,"twentyseventeen-thumbnail-avatar":false},"uagb_author_info":{"display_name":"ajmrco5_wp","author_link":"https:\/\/ajmr.com.mx\/?author=1"},"uagb_comment_info":0,"uagb_excerpt":"AJMR Consultor\u00eda, Asesor\u00eda y Capacitaci\u00f3n, a quien en lo sucesivo se le denominar\u00e1 &#8220;AJMR Consultores&#8221; respeta su derecho de privacidad. Esta pol\u00edtica resume qu\u00e9 informaci\u00f3n personal podemos recoger, de qu\u00e9 manera podemos utilizar esta informaci\u00f3n y otros temas importantes relacionados con su privacidad y protecci\u00f3n de datos. Es pol\u00edtica de AJMR Consultores cumplir con todas&hellip;","_links":{"self":[{"href":"https:\/\/ajmr.com.mx\/index.php?rest_route=\/wp\/v2\/pages\/190","targetHints":{"allow":["GET"]}}],"collection":[{"href":"https:\/\/ajmr.com.mx\/index.php?rest_route=\/wp\/v2\/pages"}],"about":[{"href":"https:\/\/ajmr.com.mx\/index.php?rest_route=\/wp\/v2\/types\/page"}],"author":[{"embeddable":true,"href":"https:\/\/ajmr.com.mx\/index.php?rest_route=\/wp\/v2\/users\/1"}],"replies":[{"embeddable":true,"href":"https:\/\/ajmr.com.mx\/index.php?rest_route=%2Fwp%2Fv2%2Fcomments&post=190"}],"version-history":[{"count":11,"href":"https:\/\/ajmr.com.mx\/index.php?rest_route=\/wp\/v2\/pages\/190\/revisions"}],"predecessor-version":[{"id":2682,"href":"https:\/\/ajmr.com.mx\/index.php?rest_route=\/wp\/v2\/pages\/190\/revisions\/2682"}],"wp:attachment":[{"href":"https:\/\/ajmr.com.mx\/index.php?rest_route=%2Fwp%2Fv2%2Fmedia&parent=190"}],"curies":[{"name":"wp","href":"https:\/\/api.w.org\/{rel}","templated":true}]}}