{"id":1958,"date":"2024-07-16T10:07:39","date_gmt":"2024-07-16T16:07:39","guid":{"rendered":"https:\/\/ajmr.com.mx\/?page_id=1958"},"modified":"2026-03-26T12:12:53","modified_gmt":"2026-03-26T18:12:53","slug":"sinergia","status":"publish","type":"page","link":"https:\/\/ajmr.com.mx\/?page_id=1958","title":{"rendered":"Sinergia Estrat\u00e9gica"},"content":{"rendered":"<div class=\"n2-section-smartslider fitvidsignore  n2_clear\" data-ssid=\"4\" tabindex=\"0\" role=\"region\" aria-label=\"Slider\"><div id=\"n2-ss-4-align\" class=\"n2-ss-align\"><div class=\"n2-padding\"><div id=\"n2-ss-4\" data-creator=\"Smart Slider 3\" data-responsive=\"auto\" class=\"n2-ss-slider n2-ow n2-has-hover n2notransition  \"><div class=\"n2-ss-slider-wrapper-inside\">\n        <div class=\"n2-ss-slider-1 n2_ss__touch_element n2-ow\">\n            <div class=\"n2-ss-slider-2 n2-ow\">\n                                                <div class=\"n2-ss-slider-3 n2-ow\">\n\n                    <div class=\"n2-ss-slide-backgrounds n2-ow-all\"><div class=\"n2-ss-slide-background\" data-public-id=\"1\" data-mode=\"fit\"><div class=\"n2-ss-slide-background-image\" data-blur=\"0\" data-opacity=\"100\" data-x=\"50\" data-y=\"50\" data-alt=\"\" data-title=\"\"><picture class=\"skip-lazy\" data-skip-lazy=\"1\"><img decoding=\"async\" src=\"\/\/ajmr.com.mx\/wp-content\/uploads\/slider\/cache\/33447ff46186deb2c9305c74d0fa7751\/Arquitecto-bcosfondo.png\" alt=\"\" title=\"\" loading=\"lazy\" class=\"skip-lazy\" data-skip-lazy=\"1\"><\/picture><\/div><div data-color=\"RGBA(255,255,255,0)\" style=\"background-color: RGBA(255,255,255,0);\" class=\"n2-ss-slide-background-color\"><\/div><\/div><div class=\"n2-ss-slide-background\" data-public-id=\"2\" data-mode=\"fit\" aria-hidden=\"true\"><div class=\"n2-ss-slide-background-image\" data-blur=\"0\" data-opacity=\"100\" data-x=\"50\" data-y=\"50\" data-alt=\"\" data-title=\"\"><picture class=\"skip-lazy\" data-skip-lazy=\"1\"><img decoding=\"async\" src=\"\/\/ajmr.com.mx\/wp-content\/uploads\/slider\/cache\/99395e18c094dd663a75974d1ecaa7ef\/SRC1.png\" alt=\"\" title=\"\" loading=\"lazy\" class=\"skip-lazy\" data-skip-lazy=\"1\"><\/picture><\/div><div data-color=\"RGBA(255,255,255,0)\" style=\"background-color: RGBA(255,255,255,0);\" class=\"n2-ss-slide-background-color\"><\/div><\/div><div class=\"n2-ss-slide-background\" data-public-id=\"3\" data-mode=\"fit\" aria-hidden=\"true\"><div class=\"n2-ss-slide-background-image\" data-blur=\"0\" data-opacity=\"100\" data-x=\"50\" data-y=\"50\" data-alt=\"\" data-title=\"\"><picture class=\"skip-lazy\" data-skip-lazy=\"1\"><img decoding=\"async\" src=\"\/\/ajmr.com.mx\/wp-content\/uploads\/slider\/cache\/05d4d9dcef2a512772c61789125594ed\/Logos-SAILAG.png\" alt=\"\" title=\"\" loading=\"lazy\" class=\"skip-lazy\" data-skip-lazy=\"1\"><\/picture><\/div><div data-color=\"RGBA(255,255,255,0)\" style=\"background-color: RGBA(255,255,255,0);\" class=\"n2-ss-slide-background-color\"><\/div><\/div><div class=\"n2-ss-slide-background\" data-public-id=\"4\" data-mode=\"fit\" aria-hidden=\"true\"><div class=\"n2-ss-slide-background-image\" data-blur=\"0\" data-opacity=\"100\" data-x=\"50\" data-y=\"50\" data-alt=\"\" data-title=\"\"><picture class=\"skip-lazy\" data-skip-lazy=\"1\"><img decoding=\"async\" src=\"\/\/ajmr.com.mx\/wp-content\/uploads\/slider\/cache\/a2d42192ed0954f6c7e86134816ce7f0\/cropped-AJMR-logo-blanco-pagina.png\" alt=\"\" title=\"\" loading=\"lazy\" class=\"skip-lazy\" data-skip-lazy=\"1\"><\/picture><\/div><div data-color=\"RGBA(255,255,255,0)\" style=\"background-color: RGBA(255,255,255,0);\" class=\"n2-ss-slide-background-color\"><\/div><\/div><\/div>                    <div class=\"n2-ss-slider-4 n2-ow\">\n                        <svg xmlns=\"http:\/\/www.w3.org\/2000\/svg\" viewBox=\"0 0 500 302\" data-related-device=\"desktopPortrait\" class=\"n2-ow n2-ss-preserve-size n2-ss-preserve-size--slider n2-ss-slide-limiter\"><\/svg><div data-first=\"1\" data-slide-duration=\"0\" data-id=\"28\" data-slide-public-id=\"1\" data-title=\"Arquitecto bcosfondo\" data-haslink=\"1\" data-href=\"https:\/\/ajmr.com.mx\/?page_id=2029\" tabindex=\"0\" role=\"button\" data-n2click=\"url\" data-force-pointer=\"\" class=\"n2-ss-slide n2-ow  n2-ss-slide-28\"><div role=\"note\" class=\"n2-ss-slide--focus\">Arquitecto bcosfondo<\/div><div class=\"n2-ss-layers-container n2-ss-slide-limiter n2-ow\"><div class=\"n2-ss-layer n2-ow n-uc-mYh1I12Ny7o8\" data-sstype=\"slide\" data-pm=\"default\"><\/div><\/div><\/div><div data-slide-duration=\"0\" data-id=\"29\" data-slide-public-id=\"2\" aria-hidden=\"true\" data-title=\"SRC1\" data-haslink=\"1\" data-href=\"https:\/\/www.facebook.com\/share\/1GoFZmPRuL\/\" tabindex=\"0\" role=\"button\" data-target=\"_blank\" data-n2click=\"url\" data-force-pointer=\"\" class=\"n2-ss-slide n2-ow  n2-ss-slide-29\"><div role=\"note\" class=\"n2-ss-slide--focus\">SRC1<\/div><div class=\"n2-ss-layers-container n2-ss-slide-limiter n2-ow\"><div class=\"n2-ss-layer n2-ow n-uc-DPECXfttecO6\" data-sstype=\"slide\" data-pm=\"default\"><\/div><\/div><\/div><div data-slide-duration=\"0\" data-id=\"20\" data-slide-public-id=\"3\" aria-hidden=\"true\" data-title=\"Logos SAILAG\" data-haslink=\"1\" data-href=\"https:\/\/www.fumigacionessailag.com\" tabindex=\"0\" role=\"button\" data-target=\"_blank\" data-n2click=\"url\" data-force-pointer=\"\" class=\"n2-ss-slide n2-ow  n2-ss-slide-20\"><div role=\"note\" class=\"n2-ss-slide--focus\">Logos SAILAG<\/div><div class=\"n2-ss-layers-container n2-ss-slide-limiter n2-ow\"><div class=\"n2-ss-layer n2-ow n-uc-avsXFWSYCMkK\" data-sstype=\"slide\" data-pm=\"default\"><\/div><\/div><\/div><div data-slide-duration=\"0\" data-id=\"18\" data-slide-public-id=\"4\" aria-hidden=\"true\" data-title=\"cropped-AJMR-logo-blanco-pagina.png\" data-haslink=\"1\" data-href=\"https:\/\/ajmr.com.mx\/?page_id=90\" tabindex=\"0\" role=\"button\" data-target=\"_blank\" data-n2click=\"url\" data-force-pointer=\"\" class=\"n2-ss-slide n2-ow  n2-ss-slide-18\"><div role=\"note\" class=\"n2-ss-slide--focus\">cropped-AJMR-logo-blanco-pagina.png<\/div><div class=\"n2-ss-layers-container n2-ss-slide-limiter n2-ow\"><div class=\"n2-ss-layer n2-ow n-uc-Zlu0S9VrZIeU\" data-sstype=\"slide\" data-pm=\"default\"><\/div><\/div><\/div>                    <\/div>\n\n                                    <\/div>\n            <\/div>\n        <\/div>\n        <div class=\"n2-ss-slider-controls n2-ss-slider-controls-absolute-left-center\"><div style=\"--widget-offset:15px;\" class=\"n2-ss-widget nextend-arrow n2-ow-all nextend-arrow-previous  nextend-arrow-animated-fade\" id=\"n2-ss-4-arrow-previous\" role=\"button\" aria-label=\"previous arrow\" tabindex=\"0\"><img loading=\"lazy\" decoding=\"async\" width=\"32\" height=\"32\" class=\"n2-arrow-normal-img skip-lazy\" data-skip-lazy=\"1\" src=\"data:image\/svg+xml;base64,PHN2ZyB3aWR0aD0iMzIiIGhlaWdodD0iMzIiIHZpZXdCb3g9IjAgMCAzMiAzMiIgeG1sbnM9Imh0dHA6Ly93d3cudzMub3JnLzIwMDAvc3ZnIj4KICAgIDxwYXRoIGQ9Ik0xMS40MzMgMTUuOTkyTDIyLjY5IDUuNzEyYy4zOTMtLjM5LjM5My0xLjAzIDAtMS40Mi0uMzkzLS4zOS0xLjAzLS4zOS0xLjQyMyAwbC0xMS45OCAxMC45NGMtLjIxLjIxLS4zLjQ5LS4yODUuNzYtLjAxNS4yOC4wNzUuNTYuMjg0Ljc3bDExLjk4IDEwLjk0Yy4zOTMuMzkgMS4wMy4zOSAxLjQyNCAwIC4zOTMtLjQuMzkzLTEuMDMgMC0xLjQybC0xMS4yNTctMTAuMjkiCiAgICAgICAgICBmaWxsPSIjZmZmZmZmIiBvcGFjaXR5PSIwLjgiIGZpbGwtcnVsZT0iZXZlbm9kZCIvPgo8L3N2Zz4=\" alt=\"previous arrow\"><img loading=\"lazy\" decoding=\"async\" width=\"32\" height=\"32\" class=\"n2-arrow-hover-img skip-lazy\" data-skip-lazy=\"1\" src=\"data:image\/svg+xml;base64,PHN2ZyB3aWR0aD0iMzIiIGhlaWdodD0iMzIiIHZpZXdCb3g9IjAgMCAzMiAzMiIgeG1sbnM9Imh0dHA6Ly93d3cudzMub3JnLzIwMDAvc3ZnIj4KICAgIDxwYXRoIGQ9Ik0xMS40MzMgMTUuOTkyTDIyLjY5IDUuNzEyYy4zOTMtLjM5LjM5My0xLjAzIDAtMS40Mi0uMzkzLS4zOS0xLjAzLS4zOS0xLjQyMyAwbC0xMS45OCAxMC45NGMtLjIxLjIxLS4zLjQ5LS4yODUuNzYtLjAxNS4yOC4wNzUuNTYuMjg0Ljc3bDExLjk4IDEwLjk0Yy4zOTMuMzkgMS4wMy4zOSAxLjQyNCAwIC4zOTMtLjQuMzkzLTEuMDMgMC0xLjQybC0xMS4yNTctMTAuMjkiCiAgICAgICAgICBmaWxsPSIjZmZmZmZmIiBvcGFjaXR5PSIxIiBmaWxsLXJ1bGU9ImV2ZW5vZGQiLz4KPC9zdmc+\" alt=\"previous arrow\"><\/div><\/div><div class=\"n2-ss-slider-controls n2-ss-slider-controls-absolute-right-center\"><div style=\"--widget-offset:15px;\" class=\"n2-ss-widget nextend-arrow n2-ow-all nextend-arrow-next  nextend-arrow-animated-fade\" id=\"n2-ss-4-arrow-next\" role=\"button\" aria-label=\"next arrow\" tabindex=\"0\"><img loading=\"lazy\" decoding=\"async\" width=\"32\" height=\"32\" class=\"n2-arrow-normal-img skip-lazy\" data-skip-lazy=\"1\" src=\"data:image\/svg+xml;base64,PHN2ZyB3aWR0aD0iMzIiIGhlaWdodD0iMzIiIHZpZXdCb3g9IjAgMCAzMiAzMiIgeG1sbnM9Imh0dHA6Ly93d3cudzMub3JnLzIwMDAvc3ZnIj4KICAgIDxwYXRoIGQ9Ik0xMC43MjIgNC4yOTNjLS4zOTQtLjM5LTEuMDMyLS4zOS0xLjQyNyAwLS4zOTMuMzktLjM5MyAxLjAzIDAgMS40MmwxMS4yODMgMTAuMjgtMTEuMjgzIDEwLjI5Yy0uMzkzLjM5LS4zOTMgMS4wMiAwIDEuNDIuMzk1LjM5IDEuMDMzLjM5IDEuNDI3IDBsMTIuMDA3LTEwLjk0Yy4yMS0uMjEuMy0uNDkuMjg0LS43Ny4wMTQtLjI3LS4wNzYtLjU1LS4yODYtLjc2TDEwLjcyIDQuMjkzeiIKICAgICAgICAgIGZpbGw9IiNmZmZmZmYiIG9wYWNpdHk9IjAuOCIgZmlsbC1ydWxlPSJldmVub2RkIi8+Cjwvc3ZnPg==\" alt=\"next arrow\"><img loading=\"lazy\" decoding=\"async\" width=\"32\" height=\"32\" class=\"n2-arrow-hover-img skip-lazy\" data-skip-lazy=\"1\" src=\"data:image\/svg+xml;base64,PHN2ZyB3aWR0aD0iMzIiIGhlaWdodD0iMzIiIHZpZXdCb3g9IjAgMCAzMiAzMiIgeG1sbnM9Imh0dHA6Ly93d3cudzMub3JnLzIwMDAvc3ZnIj4KICAgIDxwYXRoIGQ9Ik0xMC43MjIgNC4yOTNjLS4zOTQtLjM5LTEuMDMyLS4zOS0xLjQyNyAwLS4zOTMuMzktLjM5MyAxLjAzIDAgMS40MmwxMS4yODMgMTAuMjgtMTEuMjgzIDEwLjI5Yy0uMzkzLjM5LS4zOTMgMS4wMiAwIDEuNDIuMzk1LjM5IDEuMDMzLjM5IDEuNDI3IDBsMTIuMDA3LTEwLjk0Yy4yMS0uMjEuMy0uNDkuMjg0LS43Ny4wMTQtLjI3LS4wNzYtLjU1LS4yODYtLjc2TDEwLjcyIDQuMjkzeiIKICAgICAgICAgIGZpbGw9IiNmZmZmZmYiIG9wYWNpdHk9IjEiIGZpbGwtcnVsZT0iZXZlbm9kZCIvPgo8L3N2Zz4=\" alt=\"next arrow\"><\/div><\/div><\/div><\/div><ss3-loader><\/ss3-loader><\/div><\/div><div class=\"n2_clear\"><\/div><\/div>\n\n\n<p><\/p>\n\n\n\n<p class=\"has-text-align-center has-large-font-size\">Uniendo fuerzas para brindar una soluci\u00f3n integral en materia de protecci\u00f3n civil<\/p>\n\n\n\n<p class=\"has-medium-font-size\">En <strong>AJMR Consultor\u00eda, Asesor\u00eda y Capacitaci\u00f3n<\/strong>, creemos en el poder de la colaboraci\u00f3n y la confianza.  Por eso, hemos creado una red de proveedores seleccionados cuidadosamente para ofrecerte servicios excepcionales y soluciones integrales.  Nuestra recomendaci\u00f3n se basa en la calidad del trabajo, profesionalismo y el compromiso con la excelencia que cada uno de ellos demuestra.<br><br> Cada uno de nuestros proveedores ha sido elegido por su destacada capacidad para entregar resultados sobresalientes y su enfoque en superar expectativas. Desde peritajes estructurales, peritajes el\u00e9ctricos, peritajes en gas natural y L.P. hasta el mantenimiento y recarga de extintores y equipos contra incendio, y fumigaciones, garantizamos que cada proyecto se ejecute con los m\u00e1s altos est\u00e1ndares de calidad.<br><br>Contamos con alianzas estrat\u00e9gicas con capacitadores en diversos estados de la rep\u00fablica, lo que nos permite extender nuestras soluciones a una red m\u00e1s amplia y ofrecerle formaci\u00f3n y desarrollo de primer nivel.<br><br>Conf\u00ede en nosotros para conectar con los mejores del sector y llevar sus proyectos al siguiente nivel. Juntos, hacemos realidad sus objetivos con una estrategia s\u00f3lida y un enfoque orientado a resultados.<\/p>\n\n\n\n<p class=\"has-medium-font-size\">\u00bfListo para fortalecer la protecci\u00f3n civil en su empresa? <a href=\"https:\/\/ajmr.com.mx\/?page_id=90\" data-type=\"page\" data-id=\"90\">Cont\u00e1ctenos<\/a> hoy mismo para m\u00e1s informaci\u00f3n sobre nuestros servicios de asesor\u00eda y gestor\u00eda, y c\u00f3mo podemos ayudarle.<\/p>\n\n\n\n<div class=\"wp-block-group\"><div class=\"wp-block-group__inner-container is-layout-constrained wp-block-group-is-layout-constrained\">\n<div class=\"wp-block-group\"><div class=\"wp-block-group__inner-container is-layout-constrained wp-block-group-is-layout-constrained\">\n<figure class=\"wp-block-image size-large\"><img loading=\"lazy\" decoding=\"async\" width=\"1024\" height=\"300\" src=\"https:\/\/ajmr.com.mx\/wp-content\/uploads\/2023\/01\/AJMR-letras-blanco-1024x300.png\" alt=\"\" class=\"wp-image-225\" srcset=\"https:\/\/ajmr.com.mx\/wp-content\/uploads\/2023\/01\/AJMR-letras-blanco-1024x300.png 1024w, https:\/\/ajmr.com.mx\/wp-content\/uploads\/2023\/01\/AJMR-letras-blanco-300x88.png 300w, https:\/\/ajmr.com.mx\/wp-content\/uploads\/2023\/01\/AJMR-letras-blanco-768x225.png 768w, https:\/\/ajmr.com.mx\/wp-content\/uploads\/2023\/01\/AJMR-letras-blanco.png 1078w\" sizes=\"auto, (max-width: 706px) 89vw, (max-width: 767px) 82vw, 740px\" \/><\/figure>\n<\/div><\/div>\n\n\n\n<figure class=\"wp-block-image size-large\"><img loading=\"lazy\" decoding=\"async\" width=\"1024\" height=\"169\" src=\"https:\/\/ajmr.com.mx\/wp-content\/uploads\/2023\/01\/AJMR-letras-blanco4-1024x169.png\" alt=\"\" class=\"wp-image-238\" srcset=\"https:\/\/ajmr.com.mx\/wp-content\/uploads\/2023\/01\/AJMR-letras-blanco4-1024x169.png 1024w, https:\/\/ajmr.com.mx\/wp-content\/uploads\/2023\/01\/AJMR-letras-blanco4-300x50.png 300w, https:\/\/ajmr.com.mx\/wp-content\/uploads\/2023\/01\/AJMR-letras-blanco4-768x127.png 768w, https:\/\/ajmr.com.mx\/wp-content\/uploads\/2023\/01\/AJMR-letras-blanco4.png 1120w\" sizes=\"auto, (max-width: 706px) 89vw, (max-width: 767px) 82vw, 740px\" \/><\/figure>\n<\/div><\/div>\n","protected":false},"excerpt":{"rendered":"<p>Uniendo fuerzas para brindar una soluci\u00f3n integral en materia de protecci\u00f3n civil En AJMR Consultor\u00eda, Asesor\u00eda y Capacitaci\u00f3n, creemos en el poder de la colaboraci\u00f3n y la confianza. Por eso, hemos creado una red de proveedores seleccionados cuidadosamente para ofrecerte servicios excepcionales y soluciones integrales. Nuestra recomendaci\u00f3n se basa en la calidad del trabajo, profesionalismo &hellip; <\/p>\n<p class=\"link-more\"><a href=\"https:\/\/ajmr.com.mx\/?page_id=1958\" class=\"more-link\">Continuar leyendo<span class=\"screen-reader-text\"> &#8220;Sinergia Estrat\u00e9gica&#8221;<\/span><\/a><\/p>\n","protected":false},"author":1,"featured_media":0,"parent":0,"menu_order":0,"comment_status":"closed","ping_status":"closed","template":"","meta":{"_uag_custom_page_level_css":"","footnotes":""},"class_list":["post-1958","page","type-page","status-publish","hentry"],"uagb_featured_image_src":{"full":false,"thumbnail":false,"medium":false,"medium_large":false,"large":false,"1536x1536":false,"2048x2048":false,"twentyseventeen-featured-image":false,"twentyseventeen-thumbnail-avatar":false},"uagb_author_info":{"display_name":"ajmrco5_wp","author_link":"https:\/\/ajmr.com.mx\/?author=1"},"uagb_comment_info":0,"uagb_excerpt":"Uniendo fuerzas para brindar una soluci\u00f3n integral en materia de protecci\u00f3n civil En AJMR Consultor\u00eda, Asesor\u00eda y Capacitaci\u00f3n, creemos en el poder de la colaboraci\u00f3n y la confianza. Por eso, hemos creado una red de proveedores seleccionados cuidadosamente para ofrecerte servicios excepcionales y soluciones integrales. Nuestra recomendaci\u00f3n se basa en la calidad del trabajo, profesionalismo&hellip;","_links":{"self":[{"href":"https:\/\/ajmr.com.mx\/index.php?rest_route=\/wp\/v2\/pages\/1958","targetHints":{"allow":["GET"]}}],"collection":[{"href":"https:\/\/ajmr.com.mx\/index.php?rest_route=\/wp\/v2\/pages"}],"about":[{"href":"https:\/\/ajmr.com.mx\/index.php?rest_route=\/wp\/v2\/types\/page"}],"author":[{"embeddable":true,"href":"https:\/\/ajmr.com.mx\/index.php?rest_route=\/wp\/v2\/users\/1"}],"replies":[{"embeddable":true,"href":"https:\/\/ajmr.com.mx\/index.php?rest_route=%2Fwp%2Fv2%2Fcomments&post=1958"}],"version-history":[{"count":32,"href":"https:\/\/ajmr.com.mx\/index.php?rest_route=\/wp\/v2\/pages\/1958\/revisions"}],"predecessor-version":[{"id":2758,"href":"https:\/\/ajmr.com.mx\/index.php?rest_route=\/wp\/v2\/pages\/1958\/revisions\/2758"}],"wp:attachment":[{"href":"https:\/\/ajmr.com.mx\/index.php?rest_route=%2Fwp%2Fv2%2Fmedia&parent=1958"}],"curies":[{"name":"wp","href":"https:\/\/api.w.org\/{rel}","templated":true}]}}