{"id":293,"date":"2023-03-16T12:45:37","date_gmt":"2023-03-16T18:45:37","guid":{"rendered":"https:\/\/ajmr.com.mx\/?page_id=293"},"modified":"2026-03-26T12:15:58","modified_gmt":"2026-03-26T18:15:58","slug":"registros","status":"publish","type":"page","link":"https:\/\/ajmr.com.mx\/?page_id=293","title":{"rendered":"Registros"},"content":{"rendered":"\n<p class=\"has-medium-font-size\">En <strong>AJMR Consultor\u00eda, Asesor\u00eda y Capacitaci\u00f3n<\/strong> y las empresas con las que establecemos Sinergia, contamos con los siguientes registros vigentes:<\/p>\n\n\n\n<p style=\"font-size:18px\"><strong>Subsecretar\u00eda de Protecci\u00f3n Civil del Estado de Coahuila de Zaragoza<\/strong><br>* Capacitador de Cultura de Protecci\u00f3n Civil B\u00e1sica<br>* Capacitador de T\u00e9cnicas de Evacuaci\u00f3n<br>* Capacitador de T\u00e9cnicas de B\u00fasqueda y Rescate<br>* Capacitador de T\u00e9cnicas de Prevenci\u00f3n y Combate de Incendios mediante el Uso y Manejo de Extintores<br>* Capacitador en Primeros Auxilios B\u00e1sicos<br>* Formaci\u00f3n de Brigadas en Primeros Auxilios, Evacuaci\u00f3n de Personas, Prevenci\u00f3n y Combate a Incendios y Comunicaci\u00f3n<br>* Elaboraci\u00f3n de Programas de Prevenci\u00f3n de Accidentes (Internos y Externos)<br>* Elaboraci\u00f3n de An\u00e1lisis de Riesgos<br><strong><em>2025-PC-COAH-069<\/em><\/strong><\/p>\n\n\n\n<p class=\"has-text-align-left\" style=\"font-size:18px\"><strong>Direcci\u00f3n Municipal de Protecci\u00f3n Civil G\u00f3mez Palacio, Durango<\/strong><br>* Elaboraci\u00f3n e implementaci\u00f3n de Programas Internos de Protecci\u00f3n Civil<br>* Elaboraci\u00f3n de An\u00e1lisis de Riesgos<br>* Curso Te\u00f3rico Pr\u00e1ctico en Prevenci\u00f3n y Combate de Incendios<br>* Formaci\u00f3n de Brigadas de Emergencia en Primeros Auxilios<br>* Formaci\u00f3n de Brigadas de Emergencia en B\u00fasqueda y Rescate<br>* Formaci\u00f3n de Brigadas de Emergencia en Evacuaci\u00f3n<br>* Formaci\u00f3n de Brigadas de Emergencia en Combate a Incendios<br>* Manejo de Materiales Peligrosos<br>* Manejo de Equipos de Respiraci\u00f3n Aut\u00f3noma (ERA)<br>* Capacitaci\u00f3n Cultura de Protecci\u00f3n Civil<br><strong><em>MIRA7003067T4-PCGP2022\/TA066<\/em><\/strong> <br>(<em>inhabilitado por raz\u00f3n de funci\u00f3n p\u00fablica<\/em>; <em>1\/sep\/2025<\/em> )<\/p>\n\n\n\n<p style=\"font-size:18px\"><strong>Secretar\u00eda del Trabajo y Previsi\u00f3n Social<\/strong><br>* Operaciones Contra Incendio<br>* Extintores Port\u00e1tiles<br>* Manejo de Materiales y Residuos Peligrosos<br>* B\u00fasqueda y Rescate <br>* Uso y Manejo de Equipos de Respiraci\u00f3n Aut\u00f3noma (ERA)<br>* T\u00e9cnicas de Evacuaci\u00f3n<br>* Primero Auxilios<br>* Formaci\u00f3n de Brigadas<br><strong><em>MIRA7003067T4-0013<\/em><\/strong><\/p>\n\n\n\n<p style=\"font-size:18px\"><strong>Elaboraci\u00f3n de Dict\u00e1menes Estructurales de Edificios y <\/strong><br><strong>Elaboraci\u00f3n de Dict\u00e1menes de Verificaci\u00f3n de Instalaciones de Gas L.P. y Gas Natural<\/strong><br>* Registro ante la Subsecretar\u00eda de Protecci\u00f3n Civil del Estado de Coahuila de Zaragoza <strong><em>2024-PC-COAH-112<\/em><\/strong><br>* Registro ante Ordenamiento Territorial y Urbanismo Municipal de Torre\u00f3n, Coahuila <strong><em>Director Responsable de Obra No. 107<\/em><\/strong><br>* Registro ante Desarrollo Urbano Municipal de G\u00f3mez Palacio, Durango Director <strong><em>Responsable de Obra No. 107<\/em><\/strong><\/p>\n\n\n\n<p style=\"font-size:18px\"><\/p>\n\n\n\n<p class=\"has-medium-font-size\">Las empresas con las que hacemos una <a href=\"https:\/\/ajmr.com.mx\/?page_id=1958\" target=\"_blank\" rel=\"noreferrer noopener\">SINERGIA ESTRAT\u00c9GICA<\/a>, se encuentran debidamente registradas, garantizando el profesionalismo y compromiso con la excelencia que cada uno de ellos demuestra.<\/p>\n\n\n\n<p class=\"has-medium-font-size\">\u00bfListo para fortalecer la protecci\u00f3n civil en su empresa? <a href=\"https:\/\/ajmr.com.mx\/?page_id=90\" data-type=\"page\" data-id=\"90\">Cont\u00e1ctenos<\/a> hoy mismo para m\u00e1s informaci\u00f3n sobre nuestros servicios de asesor\u00eda y gestor\u00eda, y c\u00f3mo podemos ayudarle.<\/p>\n\n\n\n<div class=\"wp-block-group\"><div class=\"wp-block-group__inner-container is-layout-constrained wp-block-group-is-layout-constrained\">\n<div class=\"wp-block-group\"><div class=\"wp-block-group__inner-container is-layout-constrained wp-block-group-is-layout-constrained\">\n<div class=\"wp-block-group\"><div class=\"wp-block-group__inner-container is-layout-constrained wp-block-group-is-layout-constrained\">\n<figure class=\"wp-block-image size-large\"><img loading=\"lazy\" decoding=\"async\" width=\"1024\" height=\"300\" src=\"https:\/\/ajmr.com.mx\/wp-content\/uploads\/2023\/01\/AJMR-letras-blanco-1024x300.png\" alt=\"\" class=\"wp-image-225\" srcset=\"https:\/\/ajmr.com.mx\/wp-content\/uploads\/2023\/01\/AJMR-letras-blanco-1024x300.png 1024w, https:\/\/ajmr.com.mx\/wp-content\/uploads\/2023\/01\/AJMR-letras-blanco-300x88.png 300w, https:\/\/ajmr.com.mx\/wp-content\/uploads\/2023\/01\/AJMR-letras-blanco-768x225.png 768w, https:\/\/ajmr.com.mx\/wp-content\/uploads\/2023\/01\/AJMR-letras-blanco.png 1078w\" sizes=\"auto, (max-width: 706px) 89vw, (max-width: 767px) 82vw, 740px\" \/><\/figure>\n<\/div><\/div>\n\n\n\n<figure class=\"wp-block-image size-large\"><img loading=\"lazy\" decoding=\"async\" width=\"1024\" height=\"169\" src=\"https:\/\/ajmr.com.mx\/wp-content\/uploads\/2023\/01\/AJMR-letras-blanco4-1024x169.png\" alt=\"\" class=\"wp-image-238\" srcset=\"https:\/\/ajmr.com.mx\/wp-content\/uploads\/2023\/01\/AJMR-letras-blanco4-1024x169.png 1024w, https:\/\/ajmr.com.mx\/wp-content\/uploads\/2023\/01\/AJMR-letras-blanco4-300x50.png 300w, https:\/\/ajmr.com.mx\/wp-content\/uploads\/2023\/01\/AJMR-letras-blanco4-768x127.png 768w, https:\/\/ajmr.com.mx\/wp-content\/uploads\/2023\/01\/AJMR-letras-blanco4.png 1120w\" sizes=\"auto, (max-width: 706px) 89vw, (max-width: 767px) 82vw, 740px\" \/><\/figure>\n<\/div><\/div>\n<\/div><\/div>\n\n\n\n<div class=\"wp-block-group alignwide\"><div class=\"wp-block-group__inner-container is-layout-constrained wp-block-group-is-layout-constrained\">\n<div class=\"wp-block-group alignwide\"><div class=\"wp-block-group__inner-container is-layout-constrained wp-block-group-is-layout-constrained\">\n<div class=\"wp-block-group alignwide\"><div class=\"wp-block-group__inner-container is-layout-constrained wp-block-group-is-layout-constrained\">\n<figure class=\"wp-block-image size-large\"><img loading=\"lazy\" decoding=\"async\" width=\"1024\" height=\"249\" src=\"https:\/\/ajmr.com.mx\/wp-content\/uploads\/2023\/03\/Registros-1024x249.png\" alt=\"\" class=\"wp-image-350\" srcset=\"https:\/\/ajmr.com.mx\/wp-content\/uploads\/2023\/03\/Registros-1024x249.png 1024w, https:\/\/ajmr.com.mx\/wp-content\/uploads\/2023\/03\/Registros-300x73.png 300w, https:\/\/ajmr.com.mx\/wp-content\/uploads\/2023\/03\/Registros-768x187.png 768w, https:\/\/ajmr.com.mx\/wp-content\/uploads\/2023\/03\/Registros-1536x374.png 1536w, https:\/\/ajmr.com.mx\/wp-content\/uploads\/2023\/03\/Registros-2048x498.png 2048w\" sizes=\"auto, (max-width: 706px) 89vw, (max-width: 767px) 82vw, 740px\" \/><\/figure>\n<\/div><\/div>\n<\/div><\/div>\n<\/div><\/div>\n","protected":false},"excerpt":{"rendered":"<p>En AJMR Consultor\u00eda, Asesor\u00eda y Capacitaci\u00f3n y las empresas con las que establecemos Sinergia, contamos con los siguientes registros vigentes: Subsecretar\u00eda de Protecci\u00f3n Civil del Estado de Coahuila de Zaragoza* Capacitador de Cultura de Protecci\u00f3n Civil B\u00e1sica* Capacitador de T\u00e9cnicas de Evacuaci\u00f3n* Capacitador de T\u00e9cnicas de B\u00fasqueda y Rescate* Capacitador de T\u00e9cnicas de Prevenci\u00f3n y &hellip; <\/p>\n<p class=\"link-more\"><a href=\"https:\/\/ajmr.com.mx\/?page_id=293\" class=\"more-link\">Continuar leyendo<span class=\"screen-reader-text\"> &#8220;Registros&#8221;<\/span><\/a><\/p>\n","protected":false},"author":1,"featured_media":0,"parent":0,"menu_order":0,"comment_status":"closed","ping_status":"closed","template":"","meta":{"_uag_custom_page_level_css":"","footnotes":""},"class_list":["post-293","page","type-page","status-publish","hentry"],"uagb_featured_image_src":{"full":false,"thumbnail":false,"medium":false,"medium_large":false,"large":false,"1536x1536":false,"2048x2048":false,"twentyseventeen-featured-image":false,"twentyseventeen-thumbnail-avatar":false},"uagb_author_info":{"display_name":"ajmrco5_wp","author_link":"https:\/\/ajmr.com.mx\/?author=1"},"uagb_comment_info":0,"uagb_excerpt":"En AJMR Consultor\u00eda, Asesor\u00eda y Capacitaci\u00f3n y las empresas con las que establecemos Sinergia, contamos con los siguientes registros vigentes: Subsecretar\u00eda de Protecci\u00f3n Civil del Estado de Coahuila de Zaragoza* Capacitador de Cultura de Protecci\u00f3n Civil B\u00e1sica* Capacitador de T\u00e9cnicas de Evacuaci\u00f3n* Capacitador de T\u00e9cnicas de B\u00fasqueda y Rescate* Capacitador de T\u00e9cnicas de Prevenci\u00f3n y&hellip;","_links":{"self":[{"href":"https:\/\/ajmr.com.mx\/index.php?rest_route=\/wp\/v2\/pages\/293","targetHints":{"allow":["GET"]}}],"collection":[{"href":"https:\/\/ajmr.com.mx\/index.php?rest_route=\/wp\/v2\/pages"}],"about":[{"href":"https:\/\/ajmr.com.mx\/index.php?rest_route=\/wp\/v2\/types\/page"}],"author":[{"embeddable":true,"href":"https:\/\/ajmr.com.mx\/index.php?rest_route=\/wp\/v2\/users\/1"}],"replies":[{"embeddable":true,"href":"https:\/\/ajmr.com.mx\/index.php?rest_route=%2Fwp%2Fv2%2Fcomments&post=293"}],"version-history":[{"count":39,"href":"https:\/\/ajmr.com.mx\/index.php?rest_route=\/wp\/v2\/pages\/293\/revisions"}],"predecessor-version":[{"id":4409,"href":"https:\/\/ajmr.com.mx\/index.php?rest_route=\/wp\/v2\/pages\/293\/revisions\/4409"}],"wp:attachment":[{"href":"https:\/\/ajmr.com.mx\/index.php?rest_route=%2Fwp%2Fv2%2Fmedia&parent=293"}],"curies":[{"name":"wp","href":"https:\/\/api.w.org\/{rel}","templated":true}]}}