{"id":73,"date":"2023-01-25T15:00:02","date_gmt":"2023-01-25T21:00:02","guid":{"rendered":"https:\/\/ajmr.com.mx\/?page_id=73"},"modified":"2026-02-13T08:55:20","modified_gmt":"2026-02-13T14:55:20","slug":"quienes-somos","status":"publish","type":"page","link":"https:\/\/ajmr.com.mx\/?page_id=73","title":{"rendered":"\u00bfQui\u00e9nes somos?"},"content":{"rendered":"\n<p class=\"has-medium-font-size\">En AJMR Consultor\u00eda, Asesor\u00eda y Capacitaci\u00f3n somos un equipo multidisciplinar comprometido con la promoci\u00f3n de la cultura de la protecci\u00f3n civil basada en la previsi\u00f3n, prevenci\u00f3n y autoprotecci\u00f3n ante los diversos peligros y riesgos existentes, y con ello evitar o mitigar el impacto que pudiera generarse sobre las personas, sus bienes, infraestructuras y el medio ambiente.<br><br>Un tercer acreditado es toda aquella persona f\u00edsica o moral que ha sido autorizado y cuenta con un registro ante las autoridades locales, estatales y\/o federales de Protecci\u00f3n Civil para as\u00ed poder llevar a cabo la formulaci\u00f3n, elaboraci\u00f3n e implementaci\u00f3n de Planes de Contingencia, Programas Especiales y Programas Internos de Protecci\u00f3n Civil (<em>PIPCs<\/em>) a la medida de cualquier inmueble dando as\u00ed cumplimiento a ordenamientos de car\u00e1cter federal como leyes y normas oficiales mexicanas, as\u00ed como leyes reglamentos y c\u00f3digos estatales vigentes en materia de gesti\u00f3n integral de riesgos y protecci\u00f3n civil. <br><br>El tercer acreditado esta facultado para impartir capacitaciones, emitir constancias acreditadas ante la Secretar\u00eda del Trabajo y Previsi\u00f3n Social, realizar estudios de riesgo-vulnerabilidad, as\u00ed como proporcionar servicios de consultor\u00eda y asesor\u00eda en la materia.<br><br>Tenemos la capacidad t\u00e9cnica y facultad de emitir la carta de corresponsabilidad que ampara que el inmueble o centro de trabajo cumple con las medidas m\u00ednimas de seguridad.<\/p>\n\n\n\n<figure class=\"wp-block-image size-large\"><img loading=\"lazy\" decoding=\"async\" width=\"1024\" height=\"159\" src=\"https:\/\/ajmr.com.mx\/wp-content\/uploads\/2023\/01\/Logos_cursos_degradado2-1024x159.png\" alt=\"\" class=\"wp-image-277\" srcset=\"https:\/\/ajmr.com.mx\/wp-content\/uploads\/2023\/01\/Logos_cursos_degradado2-1024x159.png 1024w, https:\/\/ajmr.com.mx\/wp-content\/uploads\/2023\/01\/Logos_cursos_degradado2-300x46.png 300w, https:\/\/ajmr.com.mx\/wp-content\/uploads\/2023\/01\/Logos_cursos_degradado2-768x119.png 768w, https:\/\/ajmr.com.mx\/wp-content\/uploads\/2023\/01\/Logos_cursos_degradado2-1536x238.png 1536w, https:\/\/ajmr.com.mx\/wp-content\/uploads\/2023\/01\/Logos_cursos_degradado2-2048x317.png 2048w\" sizes=\"auto, (max-width: 706px) 89vw, (max-width: 767px) 82vw, 740px\" \/><figcaption class=\"wp-element-caption\"><em>Todos los logotipos, marcas e im\u00e1genes corresponden a entidades ajenas a esta consultor\u00eda y no representan relaci\u00f3n comercial entre las mismas.<\/em><\/figcaption><\/figure>\n\n\n\n<div class=\"wp-block-group\"><div class=\"wp-block-group__inner-container is-layout-constrained wp-block-group-is-layout-constrained\">\n<figure class=\"wp-block-image size-large\"><img loading=\"lazy\" decoding=\"async\" width=\"1024\" height=\"300\" src=\"https:\/\/ajmr.com.mx\/wp-content\/uploads\/2023\/01\/AJMR-letras-blanco-1024x300.png\" alt=\"Logo Blanco\" class=\"wp-image-225\" srcset=\"https:\/\/ajmr.com.mx\/wp-content\/uploads\/2023\/01\/AJMR-letras-blanco-1024x300.png 1024w, https:\/\/ajmr.com.mx\/wp-content\/uploads\/2023\/01\/AJMR-letras-blanco-300x88.png 300w, https:\/\/ajmr.com.mx\/wp-content\/uploads\/2023\/01\/AJMR-letras-blanco-768x225.png 768w, https:\/\/ajmr.com.mx\/wp-content\/uploads\/2023\/01\/AJMR-letras-blanco.png 1078w\" sizes=\"auto, (max-width: 706px) 89vw, (max-width: 767px) 82vw, 740px\" \/><\/figure>\n\n\n\n<figure class=\"wp-block-image size-large\"><img loading=\"lazy\" decoding=\"async\" width=\"1024\" height=\"169\" src=\"https:\/\/ajmr.com.mx\/wp-content\/uploads\/2023\/01\/AJMR-letras-blanco4-1024x169.png\" alt=\"Letras blanco\" class=\"wp-image-238\" srcset=\"https:\/\/ajmr.com.mx\/wp-content\/uploads\/2023\/01\/AJMR-letras-blanco4-1024x169.png 1024w, https:\/\/ajmr.com.mx\/wp-content\/uploads\/2023\/01\/AJMR-letras-blanco4-300x50.png 300w, https:\/\/ajmr.com.mx\/wp-content\/uploads\/2023\/01\/AJMR-letras-blanco4-768x127.png 768w, https:\/\/ajmr.com.mx\/wp-content\/uploads\/2023\/01\/AJMR-letras-blanco4.png 1120w\" sizes=\"auto, (max-width: 706px) 89vw, (max-width: 767px) 82vw, 740px\" \/><\/figure>\n<\/div><\/div>\n","protected":false},"excerpt":{"rendered":"<p>En AJMR Consultor\u00eda, Asesor\u00eda y Capacitaci\u00f3n somos un equipo multidisciplinar comprometido con la promoci\u00f3n de la cultura de la protecci\u00f3n civil basada en la previsi\u00f3n, prevenci\u00f3n y autoprotecci\u00f3n ante los diversos peligros y riesgos existentes, y con ello evitar o mitigar el impacto que pudiera generarse sobre las personas, sus bienes, infraestructuras y el medio &hellip; <\/p>\n<p class=\"link-more\"><a href=\"https:\/\/ajmr.com.mx\/?page_id=73\" class=\"more-link\">Continuar leyendo<span class=\"screen-reader-text\"> &#8220;\u00bfQui\u00e9nes somos?&#8221;<\/span><\/a><\/p>\n","protected":false},"author":1,"featured_media":0,"parent":0,"menu_order":0,"comment_status":"closed","ping_status":"closed","template":"","meta":{"_uag_custom_page_level_css":"","footnotes":""},"class_list":["post-73","page","type-page","status-publish","hentry"],"uagb_featured_image_src":{"full":false,"thumbnail":false,"medium":false,"medium_large":false,"large":false,"1536x1536":false,"2048x2048":false,"twentyseventeen-featured-image":false,"twentyseventeen-thumbnail-avatar":false},"uagb_author_info":{"display_name":"ajmrco5_wp","author_link":"https:\/\/ajmr.com.mx\/?author=1"},"uagb_comment_info":0,"uagb_excerpt":"En AJMR Consultor\u00eda, Asesor\u00eda y Capacitaci\u00f3n somos un equipo multidisciplinar comprometido con la promoci\u00f3n de la cultura de la protecci\u00f3n civil basada en la previsi\u00f3n, prevenci\u00f3n y autoprotecci\u00f3n ante los diversos peligros y riesgos existentes, y con ello evitar o mitigar el impacto que pudiera generarse sobre las personas, sus bienes, infraestructuras y el medio&hellip;","_links":{"self":[{"href":"https:\/\/ajmr.com.mx\/index.php?rest_route=\/wp\/v2\/pages\/73","targetHints":{"allow":["GET"]}}],"collection":[{"href":"https:\/\/ajmr.com.mx\/index.php?rest_route=\/wp\/v2\/pages"}],"about":[{"href":"https:\/\/ajmr.com.mx\/index.php?rest_route=\/wp\/v2\/types\/page"}],"author":[{"embeddable":true,"href":"https:\/\/ajmr.com.mx\/index.php?rest_route=\/wp\/v2\/users\/1"}],"replies":[{"embeddable":true,"href":"https:\/\/ajmr.com.mx\/index.php?rest_route=%2Fwp%2Fv2%2Fcomments&post=73"}],"version-history":[{"count":41,"href":"https:\/\/ajmr.com.mx\/index.php?rest_route=\/wp\/v2\/pages\/73\/revisions"}],"predecessor-version":[{"id":2122,"href":"https:\/\/ajmr.com.mx\/index.php?rest_route=\/wp\/v2\/pages\/73\/revisions\/2122"}],"wp:attachment":[{"href":"https:\/\/ajmr.com.mx\/index.php?rest_route=%2Fwp%2Fv2%2Fmedia&parent=73"}],"curies":[{"name":"wp","href":"https:\/\/api.w.org\/{rel}","templated":true}]}}