{"id":88,"date":"2023-01-26T14:04:56","date_gmt":"2023-01-26T20:04:56","guid":{"rendered":"http:\/\/ajmr.com.mx\/?page_id=88"},"modified":"2024-12-17T15:00:46","modified_gmt":"2024-12-17T21:00:46","slug":"nuestra-mision","status":"publish","type":"page","link":"https:\/\/ajmr.com.mx\/?page_id=88","title":{"rendered":"\u00bfQu\u00e9 nos impulsa?"},"content":{"rendered":"\n<div class=\"wp-block-group\"><div class=\"wp-block-group__inner-container is-layout-constrained wp-block-group-is-layout-constrained\">\n<p class=\"has-large-font-size\">Nuestra Misi\u00f3n<\/p>\n\n\n\n<p class=\"has-medium-font-size\">En AJMR Consultores somos un equipo multidisciplinar dedicados a la CONSULTOR\u00cdA, ASESOR\u00cdA y CAPACITACI\u00d3N en materia de protecci\u00f3n civil.<\/p>\n<\/div><\/div>\n\n\n\n<div class=\"wp-block-group\"><div class=\"wp-block-group__inner-container is-layout-constrained wp-block-group-is-layout-constrained\">\n<div class=\"wp-block-group\"><div class=\"wp-block-group__inner-container is-layout-constrained wp-block-group-is-layout-constrained\">\n<p class=\"has-large-font-size\">Nuestra Visi\u00f3n<\/p>\n<\/div><\/div>\n\n\n\n<p class=\"has-medium-font-size\">Ampliar nuestras actividades hacia otros estados, as\u00ed como formar sinergia con otras empresas y terceros acreditados para el desarrollo de consultor\u00eda, asesor\u00eda y capacitaciones.<\/p>\n<\/div><\/div>\n\n\n\n<div class=\"wp-block-group\"><div class=\"wp-block-group__inner-container is-layout-constrained wp-block-group-is-layout-constrained\">\n<p class=\"has-large-font-size\">Nuestros Valores<\/p>\n\n\n\n<p class=\"has-medium-font-size\">Integridad, honestidad, \u00e9tica, excelencia y responsabilidad social.<\/p>\n<\/div><\/div>\n\n\n\n<p class=\"has-large-font-size\">Sinergia Estrat\u00e9gica<\/p>\n\n\n\n<p class=\"has-medium-font-size\">En <strong>AJMR Consultor\u00eda, Asesor\u00eda y Capacitaci\u00f3n<\/strong> privilegiamos la sinergia estrat\u00e9gica en la materia, uniendo fuerzas con capacitadores, consultores y prestadores de servicios que comparten nuestros valores, brindando una soluci\u00f3n integral en materia de protecci\u00f3n civil.<\/p>\n\n\n\n<p class=\"has-medium-font-size\">\u00bfListo para fortalecer la protecci\u00f3n civil en su empresa? <a href=\"https:\/\/ajmr.com.mx\/?page_id=90\" data-type=\"page\" data-id=\"90\">Cont\u00e1ctenos<\/a> hoy mismo para m\u00e1s informaci\u00f3n sobre nuestros servicios de asesor\u00eda y gestor\u00eda, y c\u00f3mo podemos ayudarle.<\/p>\n\n\n\n<div class=\"wp-block-group\"><div class=\"wp-block-group__inner-container is-layout-constrained wp-block-group-is-layout-constrained\">\n<figure class=\"wp-block-image size-large\"><img loading=\"lazy\" decoding=\"async\" width=\"1024\" height=\"300\" src=\"https:\/\/ajmr.com.mx\/wp-content\/uploads\/2023\/01\/AJMR-letras-blanco-1024x300.png\" alt=\"\" class=\"wp-image-225\" srcset=\"https:\/\/ajmr.com.mx\/wp-content\/uploads\/2023\/01\/AJMR-letras-blanco-1024x300.png 1024w, https:\/\/ajmr.com.mx\/wp-content\/uploads\/2023\/01\/AJMR-letras-blanco-300x88.png 300w, https:\/\/ajmr.com.mx\/wp-content\/uploads\/2023\/01\/AJMR-letras-blanco-768x225.png 768w, https:\/\/ajmr.com.mx\/wp-content\/uploads\/2023\/01\/AJMR-letras-blanco.png 1078w\" sizes=\"auto, (max-width: 706px) 89vw, (max-width: 767px) 82vw, 740px\" \/><\/figure>\n\n\n\n<figure class=\"wp-block-image size-large\"><img loading=\"lazy\" decoding=\"async\" width=\"1024\" height=\"169\" src=\"https:\/\/ajmr.com.mx\/wp-content\/uploads\/2023\/01\/AJMR-letras-blanco4-1024x169.png\" alt=\"\" class=\"wp-image-238\" srcset=\"https:\/\/ajmr.com.mx\/wp-content\/uploads\/2023\/01\/AJMR-letras-blanco4-1024x169.png 1024w, https:\/\/ajmr.com.mx\/wp-content\/uploads\/2023\/01\/AJMR-letras-blanco4-300x50.png 300w, https:\/\/ajmr.com.mx\/wp-content\/uploads\/2023\/01\/AJMR-letras-blanco4-768x127.png 768w, https:\/\/ajmr.com.mx\/wp-content\/uploads\/2023\/01\/AJMR-letras-blanco4.png 1120w\" sizes=\"auto, (max-width: 706px) 89vw, (max-width: 767px) 82vw, 740px\" \/><\/figure>\n<\/div><\/div>\n","protected":false},"excerpt":{"rendered":"<p>Nuestra Misi\u00f3n En AJMR Consultores somos un equipo multidisciplinar dedicados a la CONSULTOR\u00cdA, ASESOR\u00cdA y CAPACITACI\u00d3N en materia de protecci\u00f3n civil. Nuestra Visi\u00f3n Ampliar nuestras actividades hacia otros estados, as\u00ed como formar sinergia con otras empresas y terceros acreditados para el desarrollo de consultor\u00eda, asesor\u00eda y capacitaciones. Nuestros Valores Integridad, honestidad, \u00e9tica, excelencia y responsabilidad &hellip; <\/p>\n<p class=\"link-more\"><a href=\"https:\/\/ajmr.com.mx\/?page_id=88\" class=\"more-link\">Continuar leyendo<span class=\"screen-reader-text\"> &#8220;\u00bfQu\u00e9 nos impulsa?&#8221;<\/span><\/a><\/p>\n","protected":false},"author":1,"featured_media":0,"parent":0,"menu_order":0,"comment_status":"closed","ping_status":"closed","template":"","meta":{"_uag_custom_page_level_css":"","footnotes":""},"class_list":["post-88","page","type-page","status-publish","hentry"],"uagb_featured_image_src":{"full":false,"thumbnail":false,"medium":false,"medium_large":false,"large":false,"1536x1536":false,"2048x2048":false,"twentyseventeen-featured-image":false,"twentyseventeen-thumbnail-avatar":false},"uagb_author_info":{"display_name":"ajmrco5_wp","author_link":"https:\/\/ajmr.com.mx\/?author=1"},"uagb_comment_info":0,"uagb_excerpt":"Nuestra Misi\u00f3n En AJMR Consultores somos un equipo multidisciplinar dedicados a la CONSULTOR\u00cdA, ASESOR\u00cdA y CAPACITACI\u00d3N en materia de protecci\u00f3n civil. Nuestra Visi\u00f3n Ampliar nuestras actividades hacia otros estados, as\u00ed como formar sinergia con otras empresas y terceros acreditados para el desarrollo de consultor\u00eda, asesor\u00eda y capacitaciones. Nuestros Valores Integridad, honestidad, \u00e9tica, excelencia y responsabilidad&hellip;","_links":{"self":[{"href":"https:\/\/ajmr.com.mx\/index.php?rest_route=\/wp\/v2\/pages\/88","targetHints":{"allow":["GET"]}}],"collection":[{"href":"https:\/\/ajmr.com.mx\/index.php?rest_route=\/wp\/v2\/pages"}],"about":[{"href":"https:\/\/ajmr.com.mx\/index.php?rest_route=\/wp\/v2\/types\/page"}],"author":[{"embeddable":true,"href":"https:\/\/ajmr.com.mx\/index.php?rest_route=\/wp\/v2\/users\/1"}],"replies":[{"embeddable":true,"href":"https:\/\/ajmr.com.mx\/index.php?rest_route=%2Fwp%2Fv2%2Fcomments&post=88"}],"version-history":[{"count":13,"href":"https:\/\/ajmr.com.mx\/index.php?rest_route=\/wp\/v2\/pages\/88\/revisions"}],"predecessor-version":[{"id":2757,"href":"https:\/\/ajmr.com.mx\/index.php?rest_route=\/wp\/v2\/pages\/88\/revisions\/2757"}],"wp:attachment":[{"href":"https:\/\/ajmr.com.mx\/index.php?rest_route=%2Fwp%2Fv2%2Fmedia&parent=88"}],"curies":[{"name":"wp","href":"https:\/\/api.w.org\/{rel}","templated":true}]}}