{"id":89,"date":"2023-01-26T14:04:56","date_gmt":"2023-01-26T20:04:56","guid":{"rendered":"http:\/\/ajmr.com.mx\/?page_id=89"},"modified":"2025-05-26T10:22:31","modified_gmt":"2025-05-26T16:22:31","slug":"servicios","status":"publish","type":"page","link":"https:\/\/ajmr.com.mx\/?page_id=89","title":{"rendered":"Servicios"},"content":{"rendered":"\n<div class=\"wp-block-group\"><div class=\"wp-block-group__inner-container is-layout-constrained wp-block-group-is-layout-constrained\">\n<p class=\"has-medium-font-size\">En <strong>AJMR<\/strong> Consultores ofrecemos servicios y soluciones de <strong>CONSULTOR\u00cdA, ASESOR\u00cdA y CAPACITACI\u00d3N<\/strong> en materia de protecci\u00f3n civil, basados en la experiencia.<br><br>Contamos con a\u00f1os de experiencia en la formaci\u00f3n y capacitaci\u00f3n de personal en esta importante \u00e1rea, garantizando el cumplimiento de las normativas vigentes y promoviendo una cultura de seguridad integral en las organizaciones.<br><br>En un entorno empresarial donde la prevenci\u00f3n y la preparaci\u00f3n ante emergencias son factores clave para la seguridad y la continuidad operativa, estamos seguros que nuestra experiencia y conocimientos ser\u00e1n de gran valor para su empresa. <br><br>Nuestros servicios incluyen:<br><strong>Asesor\u00eda y consultor\u00eda<\/strong>: Evaluaci\u00f3n de riesgos, elaboraci\u00f3n de planes internos de protecci\u00f3n civil y planes de contingencia y emergencia, y asesoramiento en la implementaci\u00f3n de sistemas de protecci\u00f3n civil.<br><br><strong>Cursos y talleres<\/strong>: Dise\u00f1ados a medida para las necesidades espec\u00edficas de su empresa, abarcando temas como primeros auxilios b\u00e1sicos, evacuaci\u00f3n de inmuebles, b\u00fasqueda y rescate, uso y manejo de extintores, combate de incendios, y m\u00e1s.<br><br><strong>Simulacros de emergencia<\/strong>: Planificaci\u00f3n y ejecuci\u00f3n de simulacros para evaluar y mejorar los protocolos de respuesta ante diversas situaciones de emergencia o contingencias que se pudieran presentar.<br><br>Perm\u00edtanos contribuir con el cumplimiento y fortalecimiento de la protecci\u00f3n civil en su empresa.<\/p>\n\n\n\n<p class=\"has-medium-font-size\">Lo invitamos a consultar nuestros servicios navegando a trav\u00e9s del men\u00fa desplegable o <a href=\"https:\/\/ajmr.com.mx\/wp-content\/uploads\/2025\/05\/AJMR-Consultoria.pdf\">descargando<\/a> el afiche de informaci\u00f3n.<\/p>\n\n\n<div class=\"wp-block-image is-style-zoooom\">\n<figure class=\"aligncenter size-large is-resized\"><img loading=\"lazy\" decoding=\"async\" width=\"791\" height=\"1024\" src=\"https:\/\/ajmr.com.mx\/wp-content\/uploads\/2025\/05\/Flyer-2025-JPG-791x1024.jpg\" alt=\"\" class=\"wp-image-3612\" style=\"width:245px;height:auto\" srcset=\"https:\/\/ajmr.com.mx\/wp-content\/uploads\/2025\/05\/Flyer-2025-JPG-791x1024.jpg 791w, https:\/\/ajmr.com.mx\/wp-content\/uploads\/2025\/05\/Flyer-2025-JPG-232x300.jpg 232w, https:\/\/ajmr.com.mx\/wp-content\/uploads\/2025\/05\/Flyer-2025-JPG-768x994.jpg 768w, https:\/\/ajmr.com.mx\/wp-content\/uploads\/2025\/05\/Flyer-2025-JPG-1187x1536.jpg 1187w, https:\/\/ajmr.com.mx\/wp-content\/uploads\/2025\/05\/Flyer-2025-JPG.jpg 1545w\" sizes=\"auto, (max-width: 706px) 89vw, (max-width: 767px) 82vw, 740px\" \/><figcaption class=\"wp-element-caption\"><mark style=\"background-color:rgba(0, 0, 0, 0)\" class=\"has-inline-color has-vivid-red-color\">*<\/mark> <mark style=\"background-color:rgba(0, 0, 0, 0)\" class=\"has-inline-color has-white-color\">Esta imagen abrir\u00e1 en otra pesta\u00f1a<\/mark><\/figcaption><\/figure>\n<\/div><\/div><\/div>\n\n\n\n<p class=\"has-text-align-center\"><a href=\"https:\/\/ajmr.com.mx\/wp-content\/uploads\/2025\/05\/AJMR-Consultoria.pdf\">Descargar afiche<\/a><\/p>\n\n\n\n<p class=\"has-medium-font-size\">\u00bfListo para fortalecer la protecci\u00f3n civil en su empresa? <a href=\"https:\/\/ajmr.com.mx\/?page_id=90\" data-type=\"page\" data-id=\"90\">Cont\u00e1ctenos<\/a> hoy mismo para m\u00e1s informaci\u00f3n sobre nuestros servicios de asesor\u00eda y gestor\u00eda, y c\u00f3mo podemos ayudarle.<\/p>\n\n\n\n<div class=\"wp-block-group\"><div class=\"wp-block-group__inner-container is-layout-constrained wp-block-group-is-layout-constrained\">\n<figure class=\"wp-block-image size-large\"><img loading=\"lazy\" decoding=\"async\" width=\"1024\" height=\"300\" src=\"https:\/\/ajmr.com.mx\/wp-content\/uploads\/2023\/01\/AJMR-letras-blanco-1024x300.png\" alt=\"\" class=\"wp-image-225\" srcset=\"https:\/\/ajmr.com.mx\/wp-content\/uploads\/2023\/01\/AJMR-letras-blanco-1024x300.png 1024w, https:\/\/ajmr.com.mx\/wp-content\/uploads\/2023\/01\/AJMR-letras-blanco-300x88.png 300w, https:\/\/ajmr.com.mx\/wp-content\/uploads\/2023\/01\/AJMR-letras-blanco-768x225.png 768w, https:\/\/ajmr.com.mx\/wp-content\/uploads\/2023\/01\/AJMR-letras-blanco.png 1078w\" sizes=\"auto, (max-width: 706px) 89vw, (max-width: 767px) 82vw, 740px\" \/><\/figure>\n\n\n\n<figure class=\"wp-block-image size-large\"><img loading=\"lazy\" decoding=\"async\" width=\"1024\" height=\"169\" src=\"https:\/\/ajmr.com.mx\/wp-content\/uploads\/2023\/01\/AJMR-letras-blanco4-1024x169.png\" alt=\"\" class=\"wp-image-238\" srcset=\"https:\/\/ajmr.com.mx\/wp-content\/uploads\/2023\/01\/AJMR-letras-blanco4-1024x169.png 1024w, https:\/\/ajmr.com.mx\/wp-content\/uploads\/2023\/01\/AJMR-letras-blanco4-300x50.png 300w, https:\/\/ajmr.com.mx\/wp-content\/uploads\/2023\/01\/AJMR-letras-blanco4-768x127.png 768w, https:\/\/ajmr.com.mx\/wp-content\/uploads\/2023\/01\/AJMR-letras-blanco4.png 1120w\" sizes=\"auto, (max-width: 706px) 89vw, (max-width: 767px) 82vw, 740px\" \/><\/figure>\n<\/div><\/div>\n\n\n<div class=\"wp-block-image\">\n<figure class=\"aligncenter size-large is-resized\"><img loading=\"lazy\" decoding=\"async\" width=\"1024\" height=\"991\" src=\"https:\/\/ajmr.com.mx\/wp-content\/uploads\/2023\/12\/LOGOTIPO-CAPACITADOR-JFR-3-1024x991.png\" alt=\"\" class=\"wp-image-1212\" style=\"width:160px;height:auto\" srcset=\"https:\/\/ajmr.com.mx\/wp-content\/uploads\/2023\/12\/LOGOTIPO-CAPACITADOR-JFR-3-1024x991.png 1024w, https:\/\/ajmr.com.mx\/wp-content\/uploads\/2023\/12\/LOGOTIPO-CAPACITADOR-JFR-3-300x290.png 300w, https:\/\/ajmr.com.mx\/wp-content\/uploads\/2023\/12\/LOGOTIPO-CAPACITADOR-JFR-3-768x743.png 768w, https:\/\/ajmr.com.mx\/wp-content\/uploads\/2023\/12\/LOGOTIPO-CAPACITADOR-JFR-3.png 1277w\" sizes=\"auto, (max-width: 706px) 89vw, (max-width: 767px) 82vw, 740px\" \/><\/figure>\n<\/div>","protected":false},"excerpt":{"rendered":"<p>En AJMR Consultores ofrecemos servicios y soluciones de CONSULTOR\u00cdA, ASESOR\u00cdA y CAPACITACI\u00d3N en materia de protecci\u00f3n civil, basados en la experiencia. Contamos con a\u00f1os de experiencia en la formaci\u00f3n y capacitaci\u00f3n de personal en esta importante \u00e1rea, garantizando el cumplimiento de las normativas vigentes y promoviendo una cultura de seguridad integral en las organizaciones. En &hellip; <\/p>\n<p class=\"link-more\"><a href=\"https:\/\/ajmr.com.mx\/?page_id=89\" class=\"more-link\">Continuar leyendo<span class=\"screen-reader-text\"> &#8220;Servicios&#8221;<\/span><\/a><\/p>\n","protected":false},"author":1,"featured_media":0,"parent":0,"menu_order":0,"comment_status":"closed","ping_status":"closed","template":"","meta":{"_uag_custom_page_level_css":"","footnotes":""},"class_list":["post-89","page","type-page","status-publish","hentry"],"uagb_featured_image_src":{"full":false,"thumbnail":false,"medium":false,"medium_large":false,"large":false,"1536x1536":false,"2048x2048":false,"twentyseventeen-featured-image":false,"twentyseventeen-thumbnail-avatar":false},"uagb_author_info":{"display_name":"ajmrco5_wp","author_link":"https:\/\/ajmr.com.mx\/?author=1"},"uagb_comment_info":0,"uagb_excerpt":"En AJMR Consultores ofrecemos servicios y soluciones de CONSULTOR\u00cdA, ASESOR\u00cdA y CAPACITACI\u00d3N en materia de protecci\u00f3n civil, basados en la experiencia. Contamos con a\u00f1os de experiencia en la formaci\u00f3n y capacitaci\u00f3n de personal en esta importante \u00e1rea, garantizando el cumplimiento de las normativas vigentes y promoviendo una cultura de seguridad integral en las organizaciones. En&hellip;","_links":{"self":[{"href":"https:\/\/ajmr.com.mx\/index.php?rest_route=\/wp\/v2\/pages\/89","targetHints":{"allow":["GET"]}}],"collection":[{"href":"https:\/\/ajmr.com.mx\/index.php?rest_route=\/wp\/v2\/pages"}],"about":[{"href":"https:\/\/ajmr.com.mx\/index.php?rest_route=\/wp\/v2\/types\/page"}],"author":[{"embeddable":true,"href":"https:\/\/ajmr.com.mx\/index.php?rest_route=\/wp\/v2\/users\/1"}],"replies":[{"embeddable":true,"href":"https:\/\/ajmr.com.mx\/index.php?rest_route=%2Fwp%2Fv2%2Fcomments&post=89"}],"version-history":[{"count":29,"href":"https:\/\/ajmr.com.mx\/index.php?rest_route=\/wp\/v2\/pages\/89\/revisions"}],"predecessor-version":[{"id":3617,"href":"https:\/\/ajmr.com.mx\/index.php?rest_route=\/wp\/v2\/pages\/89\/revisions\/3617"}],"wp:attachment":[{"href":"https:\/\/ajmr.com.mx\/index.php?rest_route=%2Fwp%2Fv2%2Fmedia&parent=89"}],"curies":[{"name":"wp","href":"https:\/\/api.w.org\/{rel}","templated":true}]}}