{"id":958,"date":"2023-07-09T13:59:52","date_gmt":"2023-07-09T19:59:52","guid":{"rendered":"https:\/\/ajmr.com.mx\/?page_id=958"},"modified":"2025-10-19T07:26:13","modified_gmt":"2025-10-19T13:26:13","slug":"nuestro-equipo","status":"publish","type":"page","link":"https:\/\/ajmr.com.mx\/?page_id=958","title":{"rendered":"Nuestro Equipo"},"content":{"rendered":"\n<div class=\"wp-block-group is-vertical is-layout-flex wp-container-core-group-is-layout-8cf370e7 wp-block-group-is-layout-flex\">\n<div class=\"wp-block-group is-vertical is-content-justification-center is-nowrap is-layout-flex wp-container-core-group-is-layout-bd425151 wp-block-group-is-layout-flex\">\n<figure class=\"wp-block-image size-large is-resized\"><img loading=\"lazy\" decoding=\"async\" width=\"1024\" height=\"712\" src=\"https:\/\/ajmr.com.mx\/wp-content\/uploads\/2023\/07\/IMG-20190312-WA0011-1024x712.jpg\" alt=\"\" class=\"wp-image-965\" style=\"width:259px;height:179px\" srcset=\"https:\/\/ajmr.com.mx\/wp-content\/uploads\/2023\/07\/IMG-20190312-WA0011-1024x712.jpg 1024w, https:\/\/ajmr.com.mx\/wp-content\/uploads\/2023\/07\/IMG-20190312-WA0011-300x209.jpg 300w, https:\/\/ajmr.com.mx\/wp-content\/uploads\/2023\/07\/IMG-20190312-WA0011-768x534.jpg 768w, https:\/\/ajmr.com.mx\/wp-content\/uploads\/2023\/07\/IMG-20190312-WA0011.jpg 1280w\" sizes=\"auto, (max-width: 706px) 89vw, (max-width: 767px) 82vw, 740px\" \/><\/figure>\n\n\n\n<p style=\"font-size:16px\">C.P. Alfonso J. Mijares R.<\/p>\n<\/div>\n<\/div>\n\n\n\n<div class=\"wp-block-group\"><div class=\"wp-block-group__inner-container is-layout-constrained wp-block-group-is-layout-constrained\">\n<div class=\"wp-block-group\"><div class=\"wp-block-group__inner-container is-layout-constrained wp-block-group-is-layout-constrained\">\n<div class=\"wp-block-group\"><div class=\"wp-block-group__inner-container is-layout-constrained wp-block-group-is-layout-constrained\">\n<div class=\"wp-block-group\"><div class=\"wp-block-group__inner-container is-layout-constrained wp-block-group-is-layout-constrained\">\n<div class=\"wp-block-group is-vertical is-layout-flex wp-container-core-group-is-layout-8cf370e7 wp-block-group-is-layout-flex\">\n<p class=\"has-medium-font-size\" style=\"line-height:1\"><strong>Director Municipal de Protecci\u00f3n Civil G\u00f3mez Palacio, Dgo.<\/strong><\/p>\n\n\n\n<p style=\"line-height:1.3\">Direcci\u00f3n Municipal de Protecci\u00f3n Civil<br>Administraci\u00f3n Municipal 2025-2028<br>G\u00f3mez Palacio, Durango<\/p>\n<\/div>\n\n\n\n<p><\/p>\n\n\n\n<div class=\"wp-block-group is-vertical is-layout-flex wp-container-core-group-is-layout-8cf370e7 wp-block-group-is-layout-flex\">\n<p class=\"has-medium-font-size\" style=\"line-height:1\"><strong>Director Municipal de Protecci\u00f3n Civil Torre\u00f3n, Coah.<\/strong>  <\/p>\n\n\n\n<p style=\"line-height:1.3\">Coordinaci\u00f3n Municipal de Protecci\u00f3n Civil<br>Administraci\u00f3n Municipal 2019-2022<br>Administraci\u00f3n Municipal 2018<br>Torre\u00f3n, Coahuila<\/p>\n<\/div>\n<\/div><\/div>\n<\/div><\/div>\n\n\n\n<p><\/p>\n\n\n\n<div class=\"wp-block-group is-vertical is-layout-flex wp-container-core-group-is-layout-8cf370e7 wp-block-group-is-layout-flex\">\n<p class=\"has-medium-font-size\" style=\"line-height:1\"><strong>MSc Fire Safety Engineering<\/strong><\/p>\n\n\n\n<p style=\"line-height:1.3\">Estudios de Maestr\u00eda en Ingenier\u00eda en Seguridad Contra Incendios<br>Becario CONACYT<br>University of Central Lancashire, UK<\/p>\n<\/div>\n\n\n\n<p><\/p>\n\n\n\n<div class=\"wp-block-group is-vertical is-layout-flex wp-container-core-group-is-layout-8cf370e7 wp-block-group-is-layout-flex\">\n<p class=\"has-medium-font-size\" style=\"line-height:1\"><strong>T\u00e9cnico B\u00e1sico en Gesti\u00f3n Integral de Riesgos<\/strong><\/p>\n\n\n\n<p style=\"line-height:1.3\">Escuela Nacional de Protecci\u00f3n Civil (ENAPROC)<br>Centro Nacional de Prevenci\u00f3n de Desastres (CENAPRED)<br>Diciembre 2016<\/p>\n<\/div>\n\n\n\n<p><\/p>\n\n\n\n<div class=\"wp-block-group is-vertical is-layout-flex wp-container-core-group-is-layout-8cf370e7 wp-block-group-is-layout-flex\">\n<p class=\"has-medium-font-size\" style=\"line-height:1\"><strong>T\u00e9cnico en Urgencias M\u00e9dicas<\/strong><\/p>\n\n\n\n<p style=\"line-height:1.3\">Cruz Roja Mexicana Delegaci\u00f3n Torre\u00f3n<br>Generaci\u00f3n 39<\/p>\n<\/div>\n\n\n\n<p><\/p>\n\n\n\n<div class=\"wp-block-group is-vertical is-layout-flex wp-container-core-group-is-layout-8cf370e7 wp-block-group-is-layout-flex\">\n<p class=\"has-medium-font-size\" style=\"line-height:1\"><strong>T\u00e9cnico en Rescate en Aguas en Movimiento e Inundaciones<\/strong><\/p>\n\n\n\n<p style=\"line-height:1.3\">Centro de Adiestramiento y Operaciones a Siniestros<br>Septiembre 2021<\/p>\n<\/div>\n\n\n\n<p><\/p>\n\n\n\n<div class=\"wp-block-group is-vertical is-layout-flex wp-container-core-group-is-layout-8cf370e7 wp-block-group-is-layout-flex\">\n<p class=\"has-medium-font-size\" style=\"line-height:1\"><strong>National Fire Protection Association<\/strong><\/p>\n\n\n\n<p style=\"line-height:1.2\">Miembro Activo<br>2009 &#8211; fecha<\/p>\n<\/div>\n\n\n\n<p><\/p>\n\n\n\n<div class=\"wp-block-group is-vertical is-layout-flex wp-container-core-group-is-layout-8cf370e7 wp-block-group-is-layout-flex\">\n<p class=\"has-medium-font-size\" style=\"line-height:1\"><strong>Centro Nacional de Prevenci\u00f3n a Desastres (CENAPRED)<\/strong><\/p>\n\n\n\n<p style=\"line-height:1.2\">Cursos Varios Relacionados en Materia de Protecci\u00f3n Civil<\/p>\n<\/div>\n\n\n\n<p><\/p>\n\n\n\n<div class=\"wp-block-uagb-separator uagb-block-8fa466db\"><div class=\"wp-block-uagb-separator__inner\" style=\"--my-background-image:\"><\/div><\/div>\n\n\n\n<p><\/p>\n\n\n\n<div class=\"wp-block-group is-vertical is-content-justification-left is-layout-flex wp-container-core-group-is-layout-c0ca7d81 wp-block-group-is-layout-flex\">\n<div class=\"wp-block-group is-vertical is-content-justification-center is-layout-flex wp-container-core-group-is-layout-4b2eccd6 wp-block-group-is-layout-flex\">\n<figure class=\"wp-block-image size-large is-resized\"><img loading=\"lazy\" decoding=\"async\" width=\"1024\" height=\"768\" src=\"https:\/\/ajmr.com.mx\/wp-content\/uploads\/2025\/03\/Nora_1a-1024x768.jpg\" alt=\"\" class=\"wp-image-3165\" style=\"width:259px;height:auto\" srcset=\"https:\/\/ajmr.com.mx\/wp-content\/uploads\/2025\/03\/Nora_1a-1024x768.jpg 1024w, https:\/\/ajmr.com.mx\/wp-content\/uploads\/2025\/03\/Nora_1a-300x225.jpg 300w, https:\/\/ajmr.com.mx\/wp-content\/uploads\/2025\/03\/Nora_1a-768x576.jpg 768w, https:\/\/ajmr.com.mx\/wp-content\/uploads\/2025\/03\/Nora_1a-1536x1152.jpg 1536w, https:\/\/ajmr.com.mx\/wp-content\/uploads\/2025\/03\/Nora_1a-2048x1536.jpg 2048w\" sizes=\"auto, (max-width: 706px) 89vw, (max-width: 767px) 82vw, 740px\" \/><\/figure>\n\n\n\n<p class=\"has-text-align-left\" style=\"font-size:16px\">Lic. Nora Arcelia Aizpuru Cruces<\/p>\n<\/div>\n<\/div>\n\n\n\n<div class=\"wp-block-group is-vertical is-layout-flex wp-container-core-group-is-layout-8cf370e7 wp-block-group-is-layout-flex\">\n<p class=\"has-medium-font-size\"><strong>Maestr\u00eda en Efectividad Organizacional<\/strong><\/p>\n\n\n\n<p><strong><em>Especialidad en Gesti\u00f3n Organizacional<\/em><\/strong><br>Universidad Aut\u00f3noma del Noreste<\/p>\n<\/div>\n\n\n\n<p><\/p>\n\n\n\n<div class=\"wp-block-group is-vertical is-layout-flex wp-container-core-group-is-layout-8cf370e7 wp-block-group-is-layout-flex\">\n<p class=\"has-medium-font-size\"><strong>Licenciada en Mercadotecnia<\/strong><\/p>\n\n\n\n<p>Instituto Tecnol\u00f3gico y de Estudios Superiores de Monterrey<\/p>\n<\/div>\n\n\n\n<p><\/p>\n\n\n\n<div class=\"wp-block-group is-vertical is-layout-flex wp-container-core-group-is-layout-8cf370e7 wp-block-group-is-layout-flex\">\n<p class=\"has-medium-font-size\" style=\"line-height:1\"><strong>T\u00e9cnico B\u00e1sico en Gesti\u00f3n Integral de Riesgos<\/strong><\/p>\n\n\n\n<p style=\"line-height:1.3\">Escuela Nacional de Protecci\u00f3n Civil (ENAPROC)<br>Centro Nacional de Prevenci\u00f3n de Desastres (CENAPRED)<br>Octubre 2025<\/p>\n<\/div>\n\n\n\n<p><\/p>\n\n\n\n<div class=\"wp-block-group is-vertical is-layout-flex wp-container-core-group-is-layout-8cf370e7 wp-block-group-is-layout-flex\">\n<p class=\"has-medium-font-size\" style=\"line-height:1\"><strong>Certificaci\u00f3n en Ingl\u00e9s<\/strong><\/p>\n\n\n\n<p style=\"line-height:1.3\">IELTS Academic<br>Band Score 8.5<br>Junio 2016<br><br>Pearson English International Certificate<br>Nivel C1<br>Diciembre 2021<\/p>\n<\/div>\n\n\n\n<p><\/p>\n\n\n\n<div class=\"wp-block-uagb-separator uagb-block-b2255cbd\"><div class=\"wp-block-uagb-separator__inner\" style=\"--my-background-image:\"><\/div><\/div>\n<\/div><\/div>\n<\/div><\/div>\n\n\n\n<div class=\"wp-block-uagb-separator uagb-block-b7c8ae82\"><div class=\"wp-block-uagb-separator__inner\" style=\"--my-background-image:\"><\/div><\/div>\n\n\n\n<p class=\"has-medium-font-size\">\u00bfListo para fortalecer la protecci\u00f3n civil en su empresa? <a href=\"https:\/\/ajmr.com.mx\/?page_id=90\" data-type=\"page\" data-id=\"90\">Cont\u00e1ctenos<\/a> hoy mismo para m\u00e1s informaci\u00f3n sobre nuestros servicios de asesor\u00eda y gestor\u00eda, y c\u00f3mo podemos ayudarle.<\/p>\n\n\n\n<div class=\"wp-block-group\"><div class=\"wp-block-group__inner-container is-layout-constrained wp-block-group-is-layout-constrained\">\n<div class=\"wp-block-group\"><div class=\"wp-block-group__inner-container is-layout-constrained wp-block-group-is-layout-constrained\">\n<figure class=\"wp-block-image size-large\"><img loading=\"lazy\" decoding=\"async\" width=\"1024\" height=\"300\" src=\"https:\/\/ajmr.com.mx\/wp-content\/uploads\/2023\/01\/AJMR-letras-blanco-1024x300.png\" alt=\"\" class=\"wp-image-225\" srcset=\"https:\/\/ajmr.com.mx\/wp-content\/uploads\/2023\/01\/AJMR-letras-blanco-1024x300.png 1024w, https:\/\/ajmr.com.mx\/wp-content\/uploads\/2023\/01\/AJMR-letras-blanco-300x88.png 300w, https:\/\/ajmr.com.mx\/wp-content\/uploads\/2023\/01\/AJMR-letras-blanco-768x225.png 768w, https:\/\/ajmr.com.mx\/wp-content\/uploads\/2023\/01\/AJMR-letras-blanco.png 1078w\" sizes=\"auto, (max-width: 706px) 89vw, (max-width: 767px) 82vw, 740px\" \/><\/figure>\n<\/div><\/div>\n\n\n\n<figure class=\"wp-block-image size-large\"><img loading=\"lazy\" decoding=\"async\" width=\"1024\" height=\"169\" src=\"https:\/\/ajmr.com.mx\/wp-content\/uploads\/2023\/01\/AJMR-letras-blanco4-1024x169.png\" alt=\"\" class=\"wp-image-238\" srcset=\"https:\/\/ajmr.com.mx\/wp-content\/uploads\/2023\/01\/AJMR-letras-blanco4-1024x169.png 1024w, https:\/\/ajmr.com.mx\/wp-content\/uploads\/2023\/01\/AJMR-letras-blanco4-300x50.png 300w, https:\/\/ajmr.com.mx\/wp-content\/uploads\/2023\/01\/AJMR-letras-blanco4-768x127.png 768w, https:\/\/ajmr.com.mx\/wp-content\/uploads\/2023\/01\/AJMR-letras-blanco4.png 1120w\" sizes=\"auto, (max-width: 706px) 89vw, (max-width: 767px) 82vw, 740px\" \/><\/figure>\n<\/div><\/div>\n","protected":false},"excerpt":{"rendered":"<p>C.P. Alfonso J. Mijares R. Director Municipal de Protecci\u00f3n Civil G\u00f3mez Palacio, Dgo. Direcci\u00f3n Municipal de Protecci\u00f3n CivilAdministraci\u00f3n Municipal 2025-2028G\u00f3mez Palacio, Durango Director Municipal de Protecci\u00f3n Civil Torre\u00f3n, Coah. Coordinaci\u00f3n Municipal de Protecci\u00f3n CivilAdministraci\u00f3n Municipal 2019-2022Administraci\u00f3n Municipal 2018Torre\u00f3n, Coahuila MSc Fire Safety Engineering Estudios de Maestr\u00eda en Ingenier\u00eda en Seguridad Contra IncendiosBecario CONACYTUniversity of Central &hellip; <\/p>\n<p class=\"link-more\"><a href=\"https:\/\/ajmr.com.mx\/?page_id=958\" class=\"more-link\">Continuar leyendo<span class=\"screen-reader-text\"> &#8220;Nuestro Equipo&#8221;<\/span><\/a><\/p>\n","protected":false},"author":1,"featured_media":0,"parent":0,"menu_order":0,"comment_status":"closed","ping_status":"closed","template":"","meta":{"_uag_custom_page_level_css":"","footnotes":""},"class_list":["post-958","page","type-page","status-publish","hentry"],"uagb_featured_image_src":{"full":false,"thumbnail":false,"medium":false,"medium_large":false,"large":false,"1536x1536":false,"2048x2048":false,"twentyseventeen-featured-image":false,"twentyseventeen-thumbnail-avatar":false},"uagb_author_info":{"display_name":"ajmrco5_wp","author_link":"https:\/\/ajmr.com.mx\/?author=1"},"uagb_comment_info":0,"uagb_excerpt":"C.P. Alfonso J. Mijares R. Director Municipal de Protecci\u00f3n Civil G\u00f3mez Palacio, Dgo. Direcci\u00f3n Municipal de Protecci\u00f3n CivilAdministraci\u00f3n Municipal 2025-2028G\u00f3mez Palacio, Durango Director Municipal de Protecci\u00f3n Civil Torre\u00f3n, Coah. Coordinaci\u00f3n Municipal de Protecci\u00f3n CivilAdministraci\u00f3n Municipal 2019-2022Administraci\u00f3n Municipal 2018Torre\u00f3n, Coahuila MSc Fire Safety Engineering Estudios de Maestr\u00eda en Ingenier\u00eda en Seguridad Contra IncendiosBecario CONACYTUniversity of Central&hellip;","_links":{"self":[{"href":"https:\/\/ajmr.com.mx\/index.php?rest_route=\/wp\/v2\/pages\/958","targetHints":{"allow":["GET"]}}],"collection":[{"href":"https:\/\/ajmr.com.mx\/index.php?rest_route=\/wp\/v2\/pages"}],"about":[{"href":"https:\/\/ajmr.com.mx\/index.php?rest_route=\/wp\/v2\/types\/page"}],"author":[{"embeddable":true,"href":"https:\/\/ajmr.com.mx\/index.php?rest_route=\/wp\/v2\/users\/1"}],"replies":[{"embeddable":true,"href":"https:\/\/ajmr.com.mx\/index.php?rest_route=%2Fwp%2Fv2%2Fcomments&post=958"}],"version-history":[{"count":67,"href":"https:\/\/ajmr.com.mx\/index.php?rest_route=\/wp\/v2\/pages\/958\/revisions"}],"predecessor-version":[{"id":4275,"href":"https:\/\/ajmr.com.mx\/index.php?rest_route=\/wp\/v2\/pages\/958\/revisions\/4275"}],"wp:attachment":[{"href":"https:\/\/ajmr.com.mx\/index.php?rest_route=%2Fwp%2Fv2%2Fmedia&parent=958"}],"curies":[{"name":"wp","href":"https:\/\/api.w.org\/{rel}","templated":true}]}}